{"id":159,"date":"2022-08-09T16:15:43","date_gmt":"2022-08-09T16:15:43","guid":{"rendered":"https:\/\/proevolutionacademy.com\/the-academy\/"},"modified":"2026-02-18T15:29:40","modified_gmt":"2026-02-18T14:29:40","slug":"the-football-training-centre","status":"publish","type":"page","link":"https:\/\/proevolutionacademy.com\/en\/le-centre-de-formation-de-football\/","title":{"rendered":"The Private Football Training Centre and its Concept"},"content":{"rendered":"<div data-elementor-type=\"wp-page\" data-elementor-id=\"159\" class=\"elementor elementor-159\" data-elementor-post-type=\"page\">\n\t\t\t\t\t\t<section class=\"elementor-section elementor-top-section elementor-element elementor-element-bc8829d elementor-section-boxed elementor-section-height-default elementor-section-height-default\" data-id=\"bc8829d\" data-element_type=\"section\" data-e-type=\"section\">\n\t\t\t\t\t\t<div class=\"elementor-container elementor-column-gap-default\">\n\t\t\t\t\t<div class=\"elementor-column elementor-col-100 elementor-top-column elementor-element elementor-element-4f0d259\" data-id=\"4f0d259\" data-element_type=\"column\" data-e-type=\"column\">\n\t\t\t<div class=\"elementor-widget-wrap elementor-element-populated\">\n\t\t\t\t\t\t<div class=\"elementor-element elementor-element-bfcef34 elementor-widget elementor-widget-heading\" data-id=\"bfcef34\" data-element_type=\"widget\" data-e-type=\"widget\" data-widget_type=\"heading.default\">\n\t\t\t\t<div class=\"elementor-widget-container\">\n\t\t\t\t\t<h1 class=\"elementor-heading-title elementor-size-default\">ProEvolution Academy, a Football Training Centre with a Unique Concept<\/h1>\t\t\t\t<\/div>\n\t\t\t\t<\/div>\n\t\t\t\t<div class=\"elementor-element elementor-element-4744f62 elementor-widget elementor-widget-text-editor\" data-id=\"4744f62\" data-element_type=\"widget\" data-e-type=\"widget\" data-widget_type=\"text-editor.default\">\n\t\t\t\t<div class=\"elementor-widget-container\">\n\t\t\t\t\t\t\t\t\t<p><span style=\"font-weight: 400;\">To offer an innovative experience to young footballers, two former players have set up this football training centre in Malta in 2021.<\/span><\/p><p><span style=\"font-weight: 400;\">The two founders of this football training centre in Malta have acquired <strong>international experience<\/strong> which enabled them to identify two key factors that greatly influence the course of a sporting career:<\/span><\/p><ul><li><span style=\"font-weight: 400;\">On the one hand, the top level trains players destined to play at a high level, while the amateur level trains players for the amateur level. Training under the guidance of former professionals in an intense environment provides a mental and sporting education that prepares players to succeed at the highest level.<\/span><\/li><\/ul><p>\u00a0<\/p><ul><li><span style=\"font-weight: 400;\">On the other hand, it is easier to seize opportunities in small countries. Smaller European countries offer more scope for sporting development because the general level of education in the country is lower.<\/span><\/li><\/ul><p>\u00a0<\/p><p class=\"translation-block\"><span style=\"font-weight: 400\">Based on this analysis, the two former players decided to settle in Malta to establish a <strong>completely new approach<\/strong> to a football training centre that combines these two elements.<\/span><\/p>\t\t\t\t\t\t\t\t<\/div>\n\t\t\t\t<\/div>\n\t\t\t\t<div class=\"elementor-element elementor-element-d981a15 elementor-widget elementor-widget-heading\" data-id=\"d981a15\" data-element_type=\"widget\" data-e-type=\"widget\" data-widget_type=\"heading.default\">\n\t\t\t\t<div class=\"elementor-widget-container\">\n\t\t\t\t\t<h2 class=\"elementor-heading-title elementor-size-default\">Our Football Training Centre Programme<\/h2>\t\t\t\t<\/div>\n\t\t\t\t<\/div>\n\t\t\t\t<div class=\"elementor-element elementor-element-5158aa3 elementor-widget elementor-widget-image\" data-id=\"5158aa3\" data-element_type=\"widget\" data-e-type=\"widget\" data-widget_type=\"image.default\">\n\t\t\t\t<div class=\"elementor-widget-container\">\n\t\t\t\t\t\t\t\t\t\t\t\t\t\t\t<img decoding=\"async\" src=\"https:\/\/proevolutionacademy.com\/wp-content\/uploads\/2025\/08\/unnamed.jpg\" title=\"Football training centre | ProEvolution Academy\" alt=\"Football training centre | ProEvolution Academy\" loading=\"lazy\" \/>\t\t\t\t\t\t\t\t\t\t\t\t\t\t\t<\/div>\n\t\t\t\t<\/div>\n\t\t\t\t<div class=\"elementor-element elementor-element-bcc9ddc elementor-widget elementor-widget-text-editor\" data-id=\"bcc9ddc\" data-element_type=\"widget\" data-e-type=\"widget\" data-widget_type=\"text-editor.default\">\n\t\t\t\t<div class=\"elementor-widget-container\">\n\t\t\t\t\t\t\t\t\t<p><span style=\"font-weight: 400;\">Le principal objectif de ProEvolution Academy est d&rsquo;offrir une exp\u00e9rience unique aux jeunes joueurs de niveau amateur, qui jusqu&rsquo;\u00e0 pr\u00e9sent \u00e9tait inaccessible pour la plupart d&rsquo;entre eux : vivre entre 1 et 11 mois dans un v\u00e9ritable centre de formation de football.<\/span><\/p><p><span style=\"font-weight: 400;\">Our football training centre in Malta offers a threefold training project:<\/span><\/p><ul><li><span style=\"font-weight: 400;\"><strong>One<\/strong> <strong>sports training in a professional environment<\/strong> which enables players to progress in optimal conditions for their development and to obtain career opportunities.<\/span><\/li><\/ul><div>\u00a0<\/div><ul><li><span style=\"font-weight: 400;\"><strong>School or vocational training<\/strong> with intensive English language learning and the opportunity to take a range of academic and professional courses online.<\/span><\/li><\/ul><div>\u00a0<\/div><ul><li><strong>Social training<\/strong> avec\u00a0une aide au d\u00e9veloppement personnel afin d\u2019aider les joueurs \u00e0 se responsabiliser et \u00e0 gagner en maturit\u00e9 que ce soit dans la vie en g\u00e9n\u00e9rale ou sur un terrain de foot.<\/li><\/ul>\t\t\t\t\t\t\t\t<\/div>\n\t\t\t\t<\/div>\n\t\t\t\t<div class=\"elementor-element elementor-element-16c4c2e elementor-widget elementor-widget-heading\" data-id=\"16c4c2e\" data-element_type=\"widget\" data-e-type=\"widget\" data-widget_type=\"heading.default\">\n\t\t\t\t<div class=\"elementor-widget-container\">\n\t\t\t\t\t<h3 class=\"elementor-heading-title elementor-size-default\">1. Training in a Professional Sports Environment<\/h3>\t\t\t\t<\/div>\n\t\t\t\t<\/div>\n\t\t\t\t<div class=\"elementor-element elementor-element-fa52ea5 elementor-widget elementor-widget-text-editor\" data-id=\"fa52ea5\" data-element_type=\"widget\" data-e-type=\"widget\" data-widget_type=\"text-editor.default\">\n\t\t\t\t<div class=\"elementor-widget-container\">\n\t\t\t\t\t\t\t\t\t<p><span style=\"font-weight: 400;\">The players selected to join our football training centre in Malta live in a sporting environment <strong>very similar to that of the famous football training centres of professional clubs<\/strong>.\u00a0<\/span><\/p><p><span style=\"font-weight: 400;\">As well as following a regular programme of intensive technical, tactical and physical training, our players also benefit from a <strong>individual follow-up <\/strong>throughout the programme.<\/span><\/p>\t\t\t\t\t\t\t\t<\/div>\n\t\t\t\t<\/div>\n\t\t\t\t<div class=\"elementor-element elementor-element-6119790 elementor-widget elementor-widget-image\" data-id=\"6119790\" data-element_type=\"widget\" data-e-type=\"widget\" data-widget_type=\"image.default\">\n\t\t\t\t<div class=\"elementor-widget-container\">\n\t\t\t\t\t\t\t\t\t\t\t\t\t\t\t<img decoding=\"async\" src=\"https:\/\/proevolutionacademy.com\/wp-content\/uploads\/elementor\/thumbs\/19Rstudio_PEA_2425-20-scaled-r3tc48i5ant5w3erne1p8b5p097jtpx2znrjn1ih7k.jpg\" title=\"19Rstudio_PEA_2425-20\" alt=\"19Rstudio_PEA_2425-20\" loading=\"lazy\" \/>\t\t\t\t\t\t\t\t\t\t\t\t\t\t\t<\/div>\n\t\t\t\t<\/div>\n\t\t\t\t<div class=\"elementor-element elementor-element-1b63830 elementor-widget elementor-widget-text-editor\" data-id=\"1b63830\" data-element_type=\"widget\" data-e-type=\"widget\" data-widget_type=\"text-editor.default\">\n\t\t\t\t<div class=\"elementor-widget-container\">\n\t\t\t\t\t\t\t\t\t<p><span style=\"font-weight: 400;\">This means that each player receives a <strong>personalized attention<\/strong> from the coaches, who help them to improve their individual skills and work on their weaknesses. With this individual monitoring, players can <strong>progress more quickly and reach their full potential<\/strong>.<\/span><\/p><p><span style=\"font-weight: 400;\">All in all, our football training centre in Malta offers an excellent <strong>a unique and comprehensive training experience<\/strong> for players who want to progress in the world of football.\u00a0<\/span><\/p><p><span style=\"font-weight: 400;\">With its professional sports environment, individual support and international setting, ProEvolution Academy is the ideal destination for all young players with a passion for football.<\/span><\/p>\t\t\t\t\t\t\t\t<\/div>\n\t\t\t\t<\/div>\n\t\t\t\t<div class=\"elementor-element elementor-element-aef118e elementor-widget elementor-widget-heading\" data-id=\"aef118e\" data-element_type=\"widget\" data-e-type=\"widget\" data-widget_type=\"heading.default\">\n\t\t\t\t<div class=\"elementor-widget-container\">\n\t\t\t\t\t<h3 class=\"elementor-heading-title elementor-size-default\">2. Intensive English language learning<\/h3>\t\t\t\t<\/div>\n\t\t\t\t<\/div>\n\t\t\t\t<div class=\"elementor-element elementor-element-5aacc2c elementor-widget elementor-widget-text-editor\" data-id=\"5aacc2c\" data-element_type=\"widget\" data-e-type=\"widget\" data-widget_type=\"text-editor.default\">\n\t\t\t\t<div class=\"elementor-widget-container\">\n\t\t\t\t\t\t\t\t\t<p><span style=\"font-weight: 400;\">As in all football training centres, the players who join our football training centre in Malta also follow an academic training programme.\u00a0<\/span><\/p><p><span style=\"font-weight: 400;\">This is highly recommended, as it can be risky to devote yourself to 100% football without getting a solid education at the same time.<\/span><\/p><p><span style=\"font-weight: 400;\">Our training centre offers intensive English language training, which is essential for our players.\u00a0<\/span><\/p><p><span style=\"font-weight: 400;\">Living in an English-speaking country and working with a foreign coaching staff, it is vital that our players obtain <strong>quickly<\/strong> a very good level of understanding of this universal language.<\/span><\/p>\t\t\t\t\t\t\t\t<\/div>\n\t\t\t\t<\/div>\n\t\t\t\t<div class=\"elementor-element elementor-element-8419996 elementor-widget elementor-widget-image\" data-id=\"8419996\" data-element_type=\"widget\" data-e-type=\"widget\" data-widget_type=\"image.default\">\n\t\t\t\t<div class=\"elementor-widget-container\">\n\t\t\t\t\t\t\t\t\t\t\t\t\t\t\t<img decoding=\"async\" src=\"https:\/\/proevolutionacademy.com\/wp-content\/uploads\/elementor\/thumbs\/IMG_0529-scaled-rbnfjjnnai8781toth2m13umx6gnawyg0fpvkfpbc0.jpg\" title=\"ProEvolution Academy players in English lessons\" alt=\"ProEvolution Academy players in English lessons\" loading=\"lazy\" \/>\t\t\t\t\t\t\t\t\t\t\t\t\t\t\t<\/div>\n\t\t\t\t<\/div>\n\t\t\t\t<div class=\"elementor-element elementor-element-e99a776 elementor-widget elementor-widget-text-editor\" data-id=\"e99a776\" data-element_type=\"widget\" data-e-type=\"widget\" data-widget_type=\"text-editor.default\">\n\t\t\t\t<div class=\"elementor-widget-container\">\n\t\t\t\t\t\t\t\t\t<p><span style=\"font-weight: 400;\">This language skill will be very useful for the rest of their career, whether professional or sporting.\u00a0<\/span><\/p><p><span style=\"font-weight: 400;\">English is the language of business and sport, and players with a good command of this language are often <strong>at an advantage in their working lives<\/strong>.<\/span><\/p><p><span style=\"font-weight: 400;\">In addition to this, our intensive language training also enables our players to <strong>broaden their cultural horizons<\/strong> discovering new languages and cultures.\u00a0<\/span><\/p><p><span style=\"font-weight: 400;\">This will enable them to adapt more easily to new environments and to <strong>communicate more effectively<\/strong> with people from different cultures and languages.<\/span><\/p><p><span style=\"font-weight: 400;\">In short, intensive language training is a key element of the programme at our football training centre in Malta, which offers our players a <strong>comprehensive and adapted education<\/strong> to help them succeed in their professional and personal lives.<\/span><\/p>\t\t\t\t\t\t\t\t<\/div>\n\t\t\t\t<\/div>\n\t\t\t\t<div class=\"elementor-element elementor-element-30f77f2 elementor-widget elementor-widget-heading\" data-id=\"30f77f2\" data-element_type=\"widget\" data-e-type=\"widget\" data-widget_type=\"heading.default\">\n\t\t\t\t<div class=\"elementor-widget-container\">\n\t\t\t\t\t<h3 class=\"elementor-heading-title elementor-size-default\">3. Personal Development Support<\/h3>\t\t\t\t<\/div>\n\t\t\t\t<\/div>\n\t\t\t\t<div class=\"elementor-element elementor-element-84e3aa0 elementor-widget elementor-widget-text-editor\" data-id=\"84e3aa0\" data-element_type=\"widget\" data-e-type=\"widget\" data-widget_type=\"text-editor.default\">\n\t\t\t\t<div class=\"elementor-widget-container\">\n\t\t\t\t\t\t\t\t\t<p><span style=\"font-weight: 400;\">ProEvolution Academy is different from other football training centres because of its target audience: <strong>young adults aged 16 to 26<\/strong>.\u00a0<\/span><\/p><p><span style=\"font-weight: 400;\">These players are at an important stage in their lives where they are very often moving abroad for the first time and leaving their comfort zone, without the presence of their family or close friends. For many, this is <strong>a major change <\/strong>which can be stressful and intimidating.<\/span><\/p><p><span style=\"font-weight: 400;\">That's why our football training centre focuses on <strong>personal development<\/strong> players in addition to their sporting training.\u00a0<\/span><\/p><p><span style=\"font-weight: 400;\">We want to help them become <strong>autonomous and responsible<\/strong>, while offering them a <strong>personal support<\/strong> to help them adapt to their new environment.<\/span><\/p>\t\t\t\t\t\t\t\t<\/div>\n\t\t\t\t<\/div>\n\t\t\t\t<div class=\"elementor-element elementor-element-e8e0e89 elementor-widget elementor-widget-image\" data-id=\"e8e0e89\" data-element_type=\"widget\" data-e-type=\"widget\" data-widget_type=\"image.default\">\n\t\t\t\t<div class=\"elementor-widget-container\">\n\t\t\t\t\t\t\t\t\t\t\t\t\t\t\t<img decoding=\"async\" src=\"https:\/\/proevolutionacademy.com\/wp-content\/uploads\/elementor\/thumbs\/Coach-Session-Individuelle-de-Developpement-Personnel-dun-Joueur-du-Centre-de-Formation-de-Football-ProEvolution-Academy-scaled-qbm8tjvtfh5cz7srdet3ygm12kifsw4usqc2vrhjmo.jpg\" title=\"Coach Individual Personal Development Session for a Football Training Centre Player | ProEvolution Academy\" alt=\"Coach Individual Personal Development Session for a Football Training Centre Player | ProEvolution Academy\" loading=\"lazy\" \/>\t\t\t\t\t\t\t\t\t\t\t\t\t\t\t<\/div>\n\t\t\t\t<\/div>\n\t\t\t\t<div class=\"elementor-element elementor-element-0df6551 elementor-widget elementor-widget-text-editor\" data-id=\"0df6551\" data-element_type=\"widget\" data-e-type=\"widget\" data-widget_type=\"text-editor.default\">\n\t\t\t\t<div class=\"elementor-widget-container\">\n\t\t\t\t\t\t\t\t\t<p><span style=\"font-weight: 400;\">All the ProEvolution Academy staff are here to help <strong>advise and assist them in all aspects of their lives<\/strong>, whether it's to solve personal problems or to help them progress in their careers.<\/span><\/p><p><span style=\"font-weight: 400;\">By living and training in a foreign environment, players have the opportunity to <strong>gain in maturity<\/strong> and develop their <strong>adaptive skills<\/strong>.\u00a0<\/span><\/p><p><span style=\"font-weight: 400;\">We strongly believe that this is beneficial to their personal and professional growth, as it gives them a sense of belonging to their community. <strong>increased confidence<\/strong> in their ability to adapt to different environments and situations.<\/span><\/p><p>\u00a0<\/p><p><span style=\"font-weight: 400;\">Ultimately, our football training centre in Malta offers much more than just sports training.\u00a0<\/span><\/p><p><span style=\"font-weight: 400;\">We offer <strong>a safe and caring environment<\/strong> where players can grow as individuals while developing their football and language skills.<\/span><\/p>\t\t\t\t\t\t\t\t<\/div>\n\t\t\t\t<\/div>\n\t\t\t\t\t<\/div>\n\t\t<\/div>\n\t\t\t\t\t<\/div>\n\t\t<\/section>\n\t\t\t\t<section class=\"elementor-section elementor-top-section elementor-element elementor-element-4a37265a elementor-section-height-min-height elementor-section-boxed elementor-section-height-default elementor-section-items-middle\" data-id=\"4a37265a\" data-element_type=\"section\" data-e-type=\"section\" data-settings=\"{&quot;background_background&quot;:&quot;classic&quot;}\">\n\t\t\t\t\t\t<div class=\"elementor-container elementor-column-gap-default\">\n\t\t\t\t\t<div class=\"elementor-column elementor-col-100 elementor-top-column elementor-element elementor-element-fda9efd\" data-id=\"fda9efd\" data-element_type=\"column\" data-e-type=\"column\">\n\t\t\t<div class=\"elementor-widget-wrap elementor-element-populated\">\n\t\t\t\t\t\t<div class=\"elementor-element elementor-element-1c98d4b0 elementor-widget elementor-widget-text-editor\" data-id=\"1c98d4b0\" data-element_type=\"widget\" data-e-type=\"widget\" data-widget_type=\"text-editor.default\">\n\t\t\t\t<div class=\"elementor-widget-container\">\n\t\t\t\t\t\t\t\t\t<p>Football Trials open!<\/p>\t\t\t\t\t\t\t\t<\/div>\n\t\t\t\t<\/div>\n\t\t\t\t<section class=\"elementor-section elementor-inner-section elementor-element elementor-element-227bd635 elementor-section-boxed elementor-section-height-default elementor-section-height-default\" data-id=\"227bd635\" data-element_type=\"section\" data-e-type=\"section\">\n\t\t\t\t\t\t<div class=\"elementor-container elementor-column-gap-default\">\n\t\t\t\t\t<div class=\"elementor-column elementor-col-50 elementor-inner-column elementor-element elementor-element-7bfbc6d5\" data-id=\"7bfbc6d5\" data-element_type=\"column\" data-e-type=\"column\">\n\t\t\t<div class=\"elementor-widget-wrap elementor-element-populated\">\n\t\t\t\t\t\t<div class=\"elementor-element elementor-element-6d8f2e10 elementor-widget elementor-widget-text-editor\" data-id=\"6d8f2e10\" data-element_type=\"widget\" data-e-type=\"widget\" data-widget_type=\"text-editor.default\">\n\t\t\t\t<div class=\"elementor-widget-container\">\n\t\t\t\t\t\t\t\t\t<p>Sign up and participate in our selections.<\/p>\t\t\t\t\t\t\t\t<\/div>\n\t\t\t\t<\/div>\n\t\t\t\t<div class=\"elementor-element elementor-element-c85e9c4 elementor-widget elementor-widget-text-editor\" data-id=\"c85e9c4\" data-element_type=\"widget\" data-e-type=\"widget\" data-widget_type=\"text-editor.default\">\n\t\t\t\t<div class=\"elementor-widget-container\">\n\t\t\t\t\t\t\t\t\t<p class=\"translation-block\"><strong>You too can try your chance to join our football training center for the intakes of <u>JULY, AUGUST and SEPTEMBER 2026<\/u>.<\/strong><\/p>\t\t\t\t\t\t\t\t<\/div>\n\t\t\t\t<\/div>\n\t\t\t\t\t<\/div>\n\t\t<\/div>\n\t\t\t\t<div class=\"elementor-column elementor-col-50 elementor-inner-column elementor-element elementor-element-1fd4f26\" data-id=\"1fd4f26\" data-element_type=\"column\" data-e-type=\"column\">\n\t\t\t<div class=\"elementor-widget-wrap elementor-element-populated\">\n\t\t\t\t\t\t<div class=\"elementor-element elementor-element-7333f868 elementor-align-center elementor-widget elementor-widget-button\" data-id=\"7333f868\" data-element_type=\"widget\" data-e-type=\"widget\" data-widget_type=\"button.default\">\n\t\t\t\t<div class=\"elementor-widget-container\">\n\t\t\t\t\t\t\t\t\t<div class=\"elementor-button-wrapper\">\n\t\t\t\t\t<a class=\"elementor-button elementor-button-link elementor-size-sm elementor-animation-grow\" href=\"https:\/\/proevolutionacademy.com\/en\/registration-for-football-trial\/?utm_source=website&#038;utm_medium=banner_concept\">\n\t\t\t\t\t\t<span class=\"elementor-button-content-wrapper\">\n\t\t\t\t\t\t<span class=\"elementor-button-icon\">\n\t\t\t\t<svg aria-hidden=\"true\" class=\"e-font-icon-svg e-far-edit\" viewbox=\"0 0 576 512\" xmlns=\"http:\/\/www.w3.org\/2000\/svg\"><path d=\"M402.3 344.9l32-32c5-5 13.7-1.5 13.7 5.7V464c0 26.5-21.5 48-48 48H48c-26.5 0-48-21.5-48-48V112c0-26.5 21.5-48 48-48h273.5c7.1 0 10.7 8.6 5.7 13.7l-32 32c-1.5 1.5-3.5 2.3-5.7 2.3H48v352h352V350.5c0-2.1.8-4.1 2.3-5.6zm156.6-201.8L296.3 405.7l-90.4 10c-26.2 2.9-48.5-19.2-45.6-45.6l10-90.4L432.9 17.1c22.9-22.9 59.9-22.9 82.7 0l43.2 43.2c22.9 22.9 22.9 60 .1 82.8zM460.1 174L402 115.9 216.2 301.8l-7.3 65.3 65.3-7.3L460.1 174zm64.8-79.7l-43.2-43.2c-4.1-4.1-10.8-4.1-14.8 0L436 82l58.1 58.1 30.9-30.9c4-4.2 4-10.8-.1-14.9z\"><\/path><\/svg>\t\t\t<\/span>\n\t\t\t\t\t\t\t\t\t<span class=\"elementor-button-text\">Click here to register for our screening tests.<\/span>\n\t\t\t\t\t<\/span>\n\t\t\t\t\t<\/a>\n\t\t\t\t<\/div>\n\t\t\t\t\t\t\t\t<\/div>\n\t\t\t\t<\/div>\n\t\t\t\t\t<\/div>\n\t\t<\/div>\n\t\t\t\t\t<\/div>\n\t\t<\/section>\n\t\t\t\t\t<\/div>\n\t\t<\/div>\n\t\t\t\t\t<\/div>\n\t\t<\/section>\n\t\t\t\t<\/div>","protected":false},"excerpt":{"rendered":"<p>ProEvolution Academy, Un Centre de Formation de Football Au Concept Unique Pour offrir une exp\u00e9rience innovante aux jeunes joueurs de football francophones, deux anciens joueurs ont cr\u00e9\u00e9 ce centre de formation de football \u00e0 Malte en 2021. Les deux fondateurs de ce centre de formation de football \u00e0 Malte ont acquis une exp\u00e9rience internationale qui [&hellip;]<\/p>\n","protected":false},"author":8965,"featured_media":177,"parent":0,"menu_order":0,"comment_status":"closed","ping_status":"closed","template":"","meta":{"_monsterinsights_skip_tracking":false,"_monsterinsights_sitenote_active":false,"_monsterinsights_sitenote_note":"","_monsterinsights_sitenote_category":0,"footnotes":""},"class_list":["post-159","page","type-page","status-publish","has-post-thumbnail","hentry"],"_links":{"self":[{"href":"https:\/\/proevolutionacademy.com\/en\/wp-json\/wp\/v2\/pages\/159","targetHints":{"allow":["GET"]}}],"collection":[{"href":"https:\/\/proevolutionacademy.com\/en\/wp-json\/wp\/v2\/pages"}],"about":[{"href":"https:\/\/proevolutionacademy.com\/en\/wp-json\/wp\/v2\/types\/page"}],"author":[{"embeddable":true,"href":"https:\/\/proevolutionacademy.com\/en\/wp-json\/wp\/v2\/users\/8965"}],"replies":[{"embeddable":true,"href":"https:\/\/proevolutionacademy.com\/en\/wp-json\/wp\/v2\/comments?post=159"}],"version-history":[{"count":25,"href":"https:\/\/proevolutionacademy.com\/en\/wp-json\/wp\/v2\/pages\/159\/revisions"}],"predecessor-version":[{"id":102660,"href":"https:\/\/proevolutionacademy.com\/en\/wp-json\/wp\/v2\/pages\/159\/revisions\/102660"}],"wp:featuredmedia":[{"embeddable":true,"href":"https:\/\/proevolutionacademy.com\/en\/wp-json\/wp\/v2\/media\/177"}],"wp:attachment":[{"href":"https:\/\/proevolutionacademy.com\/en\/wp-json\/wp\/v2\/media?parent=159"}],"curies":[{"name":"wp","href":"https:\/\/api.w.org\/{rel}","templated":true}]}}