{"id":2147,"date":"2023-02-07T10:23:27","date_gmt":"2023-02-07T10:23:27","guid":{"rendered":"https:\/\/proevolutionacademy.com\/?page_id=2147"},"modified":"2026-03-27T10:49:52","modified_gmt":"2026-03-27T09:49:52","slug":"privacy-and-cookies-policy","status":"publish","type":"page","link":"https:\/\/proevolutionacademy.com\/en\/politique-de-confidentialite-cookies\/","title":{"rendered":"Privacy Policy &amp; Cookies"},"content":{"rendered":"<div data-elementor-type=\"wp-page\" data-elementor-id=\"2147\" class=\"elementor elementor-2147\" data-elementor-post-type=\"page\">\n\t\t\t\t\t\t<section class=\"elementor-section elementor-top-section elementor-element elementor-element-9783f04 elementor-section-boxed elementor-section-height-default elementor-section-height-default\" data-id=\"9783f04\" data-element_type=\"section\" data-e-type=\"section\">\n\t\t\t\t\t\t<div class=\"elementor-container elementor-column-gap-default\">\n\t\t\t\t\t<div class=\"elementor-column elementor-col-100 elementor-top-column elementor-element elementor-element-92dfbc3\" data-id=\"92dfbc3\" data-element_type=\"column\" data-e-type=\"column\">\n\t\t\t<div class=\"elementor-widget-wrap elementor-element-populated\">\n\t\t\t\t\t\t<div class=\"elementor-element elementor-element-139474a elementor-widget elementor-widget-text-editor\" data-id=\"139474a\" data-element_type=\"widget\" data-e-type=\"widget\" data-widget_type=\"text-editor.default\">\n\t\t\t\t<div class=\"elementor-widget-container\">\n\t\t\t\t\t\t\t\t\t<section id=\"comp-l8vh8vx7\" class=\"Oqnisf comp-l8vh8vx7\" tabindex=\"-1\"><div class=\"\" data-mesh-id=\"comp-l8vh8vx7inlineContent\" data-testid=\"inline-content\"><div data-mesh-id=\"comp-l8vh8vx7inlineContent-gridContainer\" data-testid=\"mesh-container-content\"><div id=\"comp-kkfltsuf\" class=\"BaOVQ8 tz5f0K comp-kkfltsuf wixui-text\" data-testid=\"richTextElement\"><h5 class=\"font_5\">PRIVACY POLICY AND COOKIES<span class=\"wixGuard\">\u200b<\/span><\/h5><p class=\"font_5\">At ProEvolution Academy we know that your privacy is important and we are committed to maintaining the trust of our visitors. This privacy and cookies policy is designed to help you understand how we handle the data we collect from visitors to our website or when someone registers and submits a form.<\/p><h5 class=\"font_5\"><span class=\"wixGuard\">\u200b<\/span><\/h5><h5 class=\"font_5\">VISITORS TO OUR WEBSITE<\/h5><p class=\"font_8\">When someone visits this website, we use a third party service called Google Analytics to collect standard internet log information and details of visitor behaviour patterns. We do this to find out how many visitors visit the site and which pages they visit. This information is only processed in a way that does not identify any individual. We do not attempt to discover the identity of those who visit our website, nor do we allow Google to do so.<\/p><p class=\"font_8\">If we want to collect personally identifiable information via our website, we will specify this when we collect personal information and explain what we intend to do with it.<\/p><\/div><div id=\"comp-kkflv860\" class=\"BaOVQ8 tz5f0K comp-kkflv860 wixui-text\" data-testid=\"richTextElement\"><h5>\u00a0<\/h5><h5 class=\"font_2\">USE OF PERSONAL DATA COLLECTED COMMENTS<\/h5><p class=\"font_8\">When you leave a comment on our website, the data entered in the comment form, your IP address and your browser's user agent are collected to help us detect undesirable comments.<\/p><p class=\"font_8\"><span class=\"wixGuard\">\u200b<\/span><\/p><\/div><\/div><\/div><\/section><section id=\"comp-l8vh8vx71\" class=\"Oqnisf comp-l8vh8vx71\" tabindex=\"-1\"><div class=\"\" data-mesh-id=\"comp-l8vh8vx71inlineContent\" data-testid=\"inline-content\"><div data-mesh-id=\"comp-l8vh8vx71inlineContent-gridContainer\" data-testid=\"mesh-container-content\"><div id=\"comp-kkflxe7b\" class=\"BaOVQ8 tz5f0K comp-kkflxe7b wixui-text\" data-testid=\"richTextElement\"><h5 class=\"font_5\">LINKS TO OTHER WEBSITES<\/h5><p class=\"font_8\">This privacy notice does not cover links from this site to other websites. Those sites are not governed by this privacy policy, and if you have any questions about how a site uses your information, you should check that site's privacy statement.<\/p><p class=\"font_8\"><span class=\"wixGuard\">\u200b<\/span><\/p><h5 class=\"font_5\">ACCESS TO YOUR PERSONAL INFORMATION<\/h5><p class=\"font_8\">Vous avez le droit d&rsquo;acc\u00e9der aux informations personnelles que nous d\u00e9tenons. Envoyez votre demande par courriel \u00e0\u00a0info@proevolutionacademy.com<\/p><\/div><\/div><\/div><\/section>\t\t\t\t\t\t\t\t<\/div>\n\t\t\t\t<\/div>\n\t\t\t\t\t<\/div>\n\t\t<\/div>\n\t\t\t\t\t<\/div>\n\t\t<\/section>\n\t\t\t\t<\/div>","protected":false},"excerpt":{"rendered":"<p>POLITIQUE DE CONFIDENTIALIT\u00c9 ET COOKIES\u200b Chez ProEvolution Academy nous savons que votre vie priv\u00e9e est importante et nous nous engageons \u00e0 maintenir la confiance de nos visiteurs. Cette politique de confidentialit\u00e9 et de cookies est con\u00e7ue pour vous aider \u00e0 comprendre comment nous traitons les donn\u00e9es que nous collectons aupr\u00e8s des visiteurs de notre site [&hellip;]<\/p>\n","protected":false},"author":8965,"featured_media":0,"parent":0,"menu_order":0,"comment_status":"closed","ping_status":"closed","template":"","meta":{"_monsterinsights_skip_tracking":false,"_monsterinsights_sitenote_active":false,"_monsterinsights_sitenote_note":"","_monsterinsights_sitenote_category":0,"footnotes":""},"class_list":["post-2147","page","type-page","status-publish","hentry"],"_links":{"self":[{"href":"https:\/\/proevolutionacademy.com\/en\/wp-json\/wp\/v2\/pages\/2147","targetHints":{"allow":["GET"]}}],"collection":[{"href":"https:\/\/proevolutionacademy.com\/en\/wp-json\/wp\/v2\/pages"}],"about":[{"href":"https:\/\/proevolutionacademy.com\/en\/wp-json\/wp\/v2\/types\/page"}],"author":[{"embeddable":true,"href":"https:\/\/proevolutionacademy.com\/en\/wp-json\/wp\/v2\/users\/8965"}],"replies":[{"embeddable":true,"href":"https:\/\/proevolutionacademy.com\/en\/wp-json\/wp\/v2\/comments?post=2147"}],"version-history":[{"count":7,"href":"https:\/\/proevolutionacademy.com\/en\/wp-json\/wp\/v2\/pages\/2147\/revisions"}],"predecessor-version":[{"id":115027,"href":"https:\/\/proevolutionacademy.com\/en\/wp-json\/wp\/v2\/pages\/2147\/revisions\/115027"}],"wp:attachment":[{"href":"https:\/\/proevolutionacademy.com\/en\/wp-json\/wp\/v2\/media?parent=2147"}],"curies":[{"name":"wp","href":"https:\/\/api.w.org\/{rel}","templated":true}]}}