{"id":159,"date":"2022-08-09T16:15:43","date_gmt":"2022-08-09T16:15:43","guid":{"rendered":"https:\/\/proevolutionacademy.com\/the-academy\/"},"modified":"2026-02-18T15:29:40","modified_gmt":"2026-02-18T14:29:40","slug":"el-centro-de-formacion-de-futbol","status":"publish","type":"page","link":"https:\/\/proevolutionacademy.com\/es\/le-centre-de-formation-de-football\/","title":{"rendered":"El Centro Privado de Entrenamiento de F\u00fatbol y su concepto"},"content":{"rendered":"<div data-elementor-type=\"wp-page\" data-elementor-id=\"159\" class=\"elementor elementor-159\" data-elementor-post-type=\"page\">\n\t\t\t\t\t\t<section class=\"elementor-section elementor-top-section elementor-element elementor-element-bc8829d elementor-section-boxed elementor-section-height-default elementor-section-height-default\" data-id=\"bc8829d\" data-element_type=\"section\" data-e-type=\"section\">\n\t\t\t\t\t\t<div class=\"elementor-container elementor-column-gap-default\">\n\t\t\t\t\t<div class=\"elementor-column elementor-col-100 elementor-top-column elementor-element elementor-element-4f0d259\" data-id=\"4f0d259\" data-element_type=\"column\" data-e-type=\"column\">\n\t\t\t<div class=\"elementor-widget-wrap elementor-element-populated\">\n\t\t\t\t\t\t<div class=\"elementor-element elementor-element-bfcef34 elementor-widget elementor-widget-heading\" data-id=\"bfcef34\" data-element_type=\"widget\" data-e-type=\"widget\" data-widget_type=\"heading.default\">\n\t\t\t\t<div class=\"elementor-widget-container\">\n\t\t\t\t\t<h1 class=\"elementor-heading-title elementor-size-default\">ProEvolution Academy, un centro de entrenamiento de f\u00fatbol con un concepto \u00fanico<\/h1>\t\t\t\t<\/div>\n\t\t\t\t<\/div>\n\t\t\t\t<div class=\"elementor-element elementor-element-4744f62 elementor-widget elementor-widget-text-editor\" data-id=\"4744f62\" data-element_type=\"widget\" data-e-type=\"widget\" data-widget_type=\"text-editor.default\">\n\t\t\t\t<div class=\"elementor-widget-container\">\n\t\t\t\t\t\t\t\t\t<p><span style=\"font-weight: 400;\">Para ofrecer una experiencia innovadora a los j\u00f3venes futbolistas, dos antiguos jugadores han creado este centro de formaci\u00f3n futbol\u00edstica en Malta en 2021.<\/span><\/p><p><span style=\"font-weight: 400;\">Los dos fundadores de este centro de entrenamiento de f\u00fatbol en Malta han adquirido <strong>experiencia internacional<\/strong> que les permiti\u00f3 identificar dos factores clave que influyen enormemente en el curso de una carrera deportiva:<\/span><\/p><ul><li><span style=\"font-weight: 400;\">Por un lado, el nivel superior forma a jugadores destinados a jugar a un alto nivel, mientras que el nivel amateur forma a jugadores para el nivel amateur. Entrenar bajo la direcci\u00f3n de antiguos profesionales en un entorno intenso proporciona una educaci\u00f3n mental y deportiva que prepara a los jugadores para triunfar al m\u00e1s alto nivel.<\/span><\/li><\/ul><p>\u00a0<\/p><ul><li><span style=\"font-weight: 400;\">Por otra parte, es m\u00e1s f\u00e1cil aprovechar las oportunidades en los pa\u00edses peque\u00f1os. Los pa\u00edses europeos m\u00e1s peque\u00f1os ofrecen m\u00e1s posibilidades de desarrollo deportivo porque el nivel general de educaci\u00f3n del pa\u00eds es m\u00e1s bajo.<\/span><\/li><\/ul><p>\u00a0<\/p><p class=\"translation-block\"><span style=\"font-weight: 400\">Bas\u00e1ndose en este an\u00e1lisis, los dos exfutbolistas decidieron establecerse en Malta para implementar un <strong>enfoque completamente nuevo<\/strong> en un centro de formaci\u00f3n de f\u00fatbol que combine ambos elementos.<\/span><\/p>\t\t\t\t\t\t\t\t<\/div>\n\t\t\t\t<\/div>\n\t\t\t\t<div class=\"elementor-element elementor-element-d981a15 elementor-widget elementor-widget-heading\" data-id=\"d981a15\" data-element_type=\"widget\" data-e-type=\"widget\" data-widget_type=\"heading.default\">\n\t\t\t\t<div class=\"elementor-widget-container\">\n\t\t\t\t\t<h2 class=\"elementor-heading-title elementor-size-default\">Nuestro programa del Centro de Formaci\u00f3n de F\u00fatbol<\/h2>\t\t\t\t<\/div>\n\t\t\t\t<\/div>\n\t\t\t\t<div class=\"elementor-element elementor-element-5158aa3 elementor-widget elementor-widget-image\" data-id=\"5158aa3\" data-element_type=\"widget\" data-e-type=\"widget\" data-widget_type=\"image.default\">\n\t\t\t\t<div class=\"elementor-widget-container\">\n\t\t\t\t\t\t\t\t\t\t\t\t\t\t\t<img decoding=\"async\" src=\"https:\/\/proevolutionacademy.com\/wp-content\/uploads\/2025\/08\/unnamed.jpg\" title=\"Programa de nuestro centro de entrenamiento de f\u00fatbol | ProEvolution Academy\" alt=\"Programa de nuestro centro de entrenamiento de f\u00fatbol | ProEvolution Academy\" loading=\"lazy\" \/>\t\t\t\t\t\t\t\t\t\t\t\t\t\t\t<\/div>\n\t\t\t\t<\/div>\n\t\t\t\t<div class=\"elementor-element elementor-element-bcc9ddc elementor-widget elementor-widget-text-editor\" data-id=\"bcc9ddc\" data-element_type=\"widget\" data-e-type=\"widget\" data-widget_type=\"text-editor.default\">\n\t\t\t\t<div class=\"elementor-widget-container\">\n\t\t\t\t\t\t\t\t\t<p><span style=\"font-weight: 400;\">Le principal objectif de ProEvolution Academy est d&rsquo;offrir une exp\u00e9rience unique aux jeunes joueurs de niveau amateur, qui jusqu&rsquo;\u00e0 pr\u00e9sent \u00e9tait inaccessible pour la plupart d&rsquo;entre eux : vivre entre 1 et 11 mois dans un v\u00e9ritable centre de formation de football.<\/span><\/p><p><span style=\"font-weight: 400;\">Nuestro centro de entrenamiento de f\u00fatbol en Malta ofrece un triple proyecto de formaci\u00f3n:<\/span><\/p><ul><li><span style=\"font-weight: 400;\"><strong>Uno<\/strong> <strong>entrenamiento deportivo en un entorno profesional<\/strong> que permite a los jugadores progresar en condiciones \u00f3ptimas para su desarrollo y obtener oportunidades profesionales.<\/span><\/li><\/ul><div>\u00a0<\/div><ul><li><span style=\"font-weight: 400;\"><strong>Formaci\u00f3n escolar o profesional<\/strong> con un aprendizaje intensivo de la lengua inglesa y la oportunidad de realizar una serie de cursos acad\u00e9micos y profesionales en l\u00ednea.<\/span><\/li><\/ul><div>\u00a0<\/div><ul><li><strong>Formaci\u00f3n social<\/strong> avec\u00a0une aide au d\u00e9veloppement personnel afin d\u2019aider les joueurs \u00e0 se responsabiliser et \u00e0 gagner en maturit\u00e9 que ce soit dans la vie en g\u00e9n\u00e9rale ou sur un terrain de foot.<\/li><\/ul>\t\t\t\t\t\t\t\t<\/div>\n\t\t\t\t<\/div>\n\t\t\t\t<div class=\"elementor-element elementor-element-16c4c2e elementor-widget elementor-widget-heading\" data-id=\"16c4c2e\" data-element_type=\"widget\" data-e-type=\"widget\" data-widget_type=\"heading.default\">\n\t\t\t\t<div class=\"elementor-widget-container\">\n\t\t\t\t\t<h3 class=\"elementor-heading-title elementor-size-default\">1. Entrenamiento en un entorno deportivo profesional<\/h3>\t\t\t\t<\/div>\n\t\t\t\t<\/div>\n\t\t\t\t<div class=\"elementor-element elementor-element-fa52ea5 elementor-widget elementor-widget-text-editor\" data-id=\"fa52ea5\" data-element_type=\"widget\" data-e-type=\"widget\" data-widget_type=\"text-editor.default\">\n\t\t\t\t<div class=\"elementor-widget-container\">\n\t\t\t\t\t\t\t\t\t<p><span style=\"font-weight: 400;\">Los jugadores seleccionados para incorporarse a nuestro centro de formaci\u00f3n futbol\u00edstica en Malta viven en un entorno deportivo <strong>muy similar a la de los famosos centros de entrenamiento de f\u00fatbol de los clubes profesionales<\/strong>.\u00a0<\/span><\/p><p><span style=\"font-weight: 400;\">Adem\u00e1s de seguir un programa regular de entrenamiento t\u00e9cnico, t\u00e1ctico y f\u00edsico intensivo, nuestros jugadores tambi\u00e9n se benefician de un <strong>seguimiento individual <\/strong>a lo largo de todo el programa.<\/span><\/p>\t\t\t\t\t\t\t\t<\/div>\n\t\t\t\t<\/div>\n\t\t\t\t<div class=\"elementor-element elementor-element-6119790 elementor-widget elementor-widget-image\" data-id=\"6119790\" data-element_type=\"widget\" data-e-type=\"widget\" data-widget_type=\"image.default\">\n\t\t\t\t<div class=\"elementor-widget-container\">\n\t\t\t\t\t\t\t\t\t\t\t\t\t\t\t<img decoding=\"async\" src=\"https:\/\/proevolutionacademy.com\/wp-content\/uploads\/elementor\/thumbs\/19Rstudio_PEA_2425-20-scaled-r3tc48i5ant5w3erne1p8b5p097jtpx2znrjn1ih7k.jpg\" title=\"19Rstudio_PEA_2425-20\" alt=\"19Rstudio_PEA_2425-20\" loading=\"lazy\" \/>\t\t\t\t\t\t\t\t\t\t\t\t\t\t\t<\/div>\n\t\t\t\t<\/div>\n\t\t\t\t<div class=\"elementor-element elementor-element-1b63830 elementor-widget elementor-widget-text-editor\" data-id=\"1b63830\" data-element_type=\"widget\" data-e-type=\"widget\" data-widget_type=\"text-editor.default\">\n\t\t\t\t<div class=\"elementor-widget-container\">\n\t\t\t\t\t\t\t\t\t<p><span style=\"font-weight: 400;\">Esto significa que cada jugador recibe un <strong>atenci\u00f3n personalizada<\/strong> de los entrenadores, que les ayudan a mejorar sus habilidades individuales y a trabajar sus puntos d\u00e9biles. Con este seguimiento individual, los jugadores pueden <strong>progresar m\u00e1s r\u00e1pidamente y alcanzar todo su potencial<\/strong>.<\/span><\/p><p><span style=\"font-weight: 400;\">En general, nuestro centro de entrenamiento de f\u00fatbol en Malta ofrece una excelente <strong>una experiencia de formaci\u00f3n \u00fanica y completa<\/strong> para jugadores que quieren progresar en el mundo del f\u00fatbol.\u00a0<\/span><\/p><p><span style=\"font-weight: 400;\">Con su entorno deportivo profesional, su apoyo individual y su marco internacional, la Academia ProEvolution es el destino ideal para todos los j\u00f3venes jugadores apasionados por el f\u00fatbol.<\/span><\/p>\t\t\t\t\t\t\t\t<\/div>\n\t\t\t\t<\/div>\n\t\t\t\t<div class=\"elementor-element elementor-element-aef118e elementor-widget elementor-widget-heading\" data-id=\"aef118e\" data-element_type=\"widget\" data-e-type=\"widget\" data-widget_type=\"heading.default\">\n\t\t\t\t<div class=\"elementor-widget-container\">\n\t\t\t\t\t<h3 class=\"elementor-heading-title elementor-size-default\">2. Aprendizaje intensivo de ingl\u00e9s<\/h3>\t\t\t\t<\/div>\n\t\t\t\t<\/div>\n\t\t\t\t<div class=\"elementor-element elementor-element-5aacc2c elementor-widget elementor-widget-text-editor\" data-id=\"5aacc2c\" data-element_type=\"widget\" data-e-type=\"widget\" data-widget_type=\"text-editor.default\">\n\t\t\t\t<div class=\"elementor-widget-container\">\n\t\t\t\t\t\t\t\t\t<p><span style=\"font-weight: 400;\">Como en todos los centros de entrenamiento de f\u00fatbol, los jugadores que se incorporan a nuestro centro de entrenamiento de f\u00fatbol en Malta tambi\u00e9n siguen un programa de formaci\u00f3n acad\u00e9mica.\u00a0<\/span><\/p><p><span style=\"font-weight: 400;\">Esto es muy recomendable, ya que puede ser arriesgado dedicarse al f\u00fatbol 100% sin obtener al mismo tiempo una educaci\u00f3n s\u00f3lida.<\/span><\/p><p><span style=\"font-weight: 400;\">Nuestro centro de entrenamiento ofrece una formaci\u00f3n intensiva en ingl\u00e9s, esencial para nuestros jugadores.\u00a0<\/span><\/p><p><span style=\"font-weight: 400;\">Al vivir en un pa\u00eds de habla inglesa y trabajar con un cuerpo t\u00e9cnico extranjero, es vital que nuestros jugadores obtengan <strong>r\u00e1pidamente<\/strong> un muy buen nivel de comprensi\u00f3n de esta lengua universal.<\/span><\/p>\t\t\t\t\t\t\t\t<\/div>\n\t\t\t\t<\/div>\n\t\t\t\t<div class=\"elementor-element elementor-element-8419996 elementor-widget elementor-widget-image\" data-id=\"8419996\" data-element_type=\"widget\" data-e-type=\"widget\" data-widget_type=\"image.default\">\n\t\t\t\t<div class=\"elementor-widget-container\">\n\t\t\t\t\t\t\t\t\t\t\t\t\t\t\t<img decoding=\"async\" src=\"https:\/\/proevolutionacademy.com\/wp-content\/uploads\/elementor\/thumbs\/IMG_0529-scaled-rbnfjjnnai8781toth2m13umx6gnawyg0fpvkfpbc0.jpg\" title=\"Jugadores de la Academia ProEvolution en clases de ingl\u00e9s\" alt=\"Jugadores de la Academia ProEvolution en clases de ingl\u00e9s\" loading=\"lazy\" \/>\t\t\t\t\t\t\t\t\t\t\t\t\t\t\t<\/div>\n\t\t\t\t<\/div>\n\t\t\t\t<div class=\"elementor-element elementor-element-e99a776 elementor-widget elementor-widget-text-editor\" data-id=\"e99a776\" data-element_type=\"widget\" data-e-type=\"widget\" data-widget_type=\"text-editor.default\">\n\t\t\t\t<div class=\"elementor-widget-container\">\n\t\t\t\t\t\t\t\t\t<p><span style=\"font-weight: 400;\">Esta competencia ling\u00fc\u00edstica les ser\u00e1 muy \u00fatil el resto de su carrera, ya sea profesional o deportiva.\u00a0<\/span><\/p><p><span style=\"font-weight: 400;\">El ingl\u00e9s es la lengua de los negocios y del deporte, y los jugadores que dominan esta lengua suelen ser <strong>con ventaja en su vida laboral<\/strong>.<\/span><\/p><p><span style=\"font-weight: 400;\">Adem\u00e1s, nuestra formaci\u00f3n ling\u00fc\u00edstica intensiva tambi\u00e9n permite a nuestros jugadores <strong>ampliar sus horizontes culturales<\/strong> descubrir nuevas lenguas y culturas.\u00a0<\/span><\/p><p><span style=\"font-weight: 400;\">Esto les permitir\u00e1 adaptarse m\u00e1s f\u00e1cilmente a nuevos entornos y <strong>comunicarse m\u00e1s eficazmente<\/strong> con personas de culturas y lenguas diferentes.<\/span><\/p><p><span style=\"font-weight: 400;\">En resumen, la formaci\u00f3n ling\u00fc\u00edstica intensiva es un elemento clave del programa de nuestro centro de formaci\u00f3n futbol\u00edstica en Malta, que ofrece a nuestros jugadores un <strong>educaci\u00f3n integral y adaptada<\/strong> para ayudarles a tener \u00e9xito en su vida profesional y personal.<\/span><\/p>\t\t\t\t\t\t\t\t<\/div>\n\t\t\t\t<\/div>\n\t\t\t\t<div class=\"elementor-element elementor-element-30f77f2 elementor-widget elementor-widget-heading\" data-id=\"30f77f2\" data-element_type=\"widget\" data-e-type=\"widget\" data-widget_type=\"heading.default\">\n\t\t\t\t<div class=\"elementor-widget-container\">\n\t\t\t\t\t<h3 class=\"elementor-heading-title elementor-size-default\">3. Apoyo al desarrollo personal<\/h3>\t\t\t\t<\/div>\n\t\t\t\t<\/div>\n\t\t\t\t<div class=\"elementor-element elementor-element-84e3aa0 elementor-widget elementor-widget-text-editor\" data-id=\"84e3aa0\" data-element_type=\"widget\" data-e-type=\"widget\" data-widget_type=\"text-editor.default\">\n\t\t\t\t<div class=\"elementor-widget-container\">\n\t\t\t\t\t\t\t\t\t<p><span style=\"font-weight: 400;\">La Academia ProEvolution se diferencia de otros centros de entrenamiento futbol\u00edstico por su p\u00fablico objetivo: <strong>j\u00f3venes adultos de 16 a 26 a\u00f1os<\/strong>.\u00a0<\/span><\/p><p><span style=\"font-weight: 400;\">Estos jugadores se encuentran en una etapa importante de sus vidas, en la que muy a menudo se trasladan al extranjero por primera vez y salen de su zona de confort, sin la presencia de su familia o amigos \u00edntimos. Para muchos, esto es <strong>un cambio importante <\/strong>lo que puede resultar estresante e intimidatorio.<\/span><\/p><p><span style=\"font-weight: 400;\">Por eso nuestro centro de entrenamiento de f\u00fatbol se centra en <strong>desarrollo personal<\/strong> jugadores, adem\u00e1s de su formaci\u00f3n deportiva.\u00a0<\/span><\/p><p><span style=\"font-weight: 400;\">Queremos ayudarles a convertirse en <strong>aut\u00f3nomo y responsable<\/strong>, ofreci\u00e9ndoles una <strong>apoyo personal<\/strong> para ayudarles a adaptarse a su nuevo entorno.<\/span><\/p>\t\t\t\t\t\t\t\t<\/div>\n\t\t\t\t<\/div>\n\t\t\t\t<div class=\"elementor-element elementor-element-e8e0e89 elementor-widget elementor-widget-image\" data-id=\"e8e0e89\" data-element_type=\"widget\" data-e-type=\"widget\" data-widget_type=\"image.default\">\n\t\t\t\t<div class=\"elementor-widget-container\">\n\t\t\t\t\t\t\t\t\t\t\t\t\t\t\t<img decoding=\"async\" src=\"https:\/\/proevolutionacademy.com\/wp-content\/uploads\/elementor\/thumbs\/Coach-Session-Individuelle-de-Developpement-Personnel-dun-Joueur-du-Centre-de-Formation-de-Football-ProEvolution-Academy-scaled-qbm8tjvtfh5cz7srdet3ygm12kifsw4usqc2vrhjmo.jpg\" title=\"Sesi\u00f3n individual de desarrollo personal para un jugador del Football Training Centre | ProEvolution Academy\" alt=\"Sesi\u00f3n individual de desarrollo personal para un jugador del Football Training Centre | ProEvolution Academy\" loading=\"lazy\" \/>\t\t\t\t\t\t\t\t\t\t\t\t\t\t\t<\/div>\n\t\t\t\t<\/div>\n\t\t\t\t<div class=\"elementor-element elementor-element-0df6551 elementor-widget elementor-widget-text-editor\" data-id=\"0df6551\" data-element_type=\"widget\" data-e-type=\"widget\" data-widget_type=\"text-editor.default\">\n\t\t\t\t<div class=\"elementor-widget-container\">\n\t\t\t\t\t\t\t\t\t<p><span style=\"font-weight: 400;\">Todo el personal de ProEvolution Academy est\u00e1 aqu\u00ed para ayudar <strong>asesorarles y ayudarles en todos los aspectos de su vida<\/strong>, ya sea para resolver problemas personales o para ayudarles a progresar en sus carreras.<\/span><\/p><p><span style=\"font-weight: 400;\">Al vivir y entrenar en un entorno extranjero, los jugadores tienen la oportunidad de <strong>ganancia de madurez<\/strong> y desarrollar su <strong>habilidades adaptativas<\/strong>.\u00a0<\/span><\/p><p><span style=\"font-weight: 400;\">Creemos firmemente que esto es beneficioso para su crecimiento personal y profesional, ya que les da un sentido de pertenencia a su comunidad. <strong>mayor confianza<\/strong> en su capacidad para adaptarse a distintos entornos y situaciones.<\/span><\/p><p>\u00a0<\/p><p><span style=\"font-weight: 400;\">En definitiva, nuestro centro de entrenamiento de f\u00fatbol en Malta ofrece mucho m\u00e1s que formaci\u00f3n deportiva.\u00a0<\/span><\/p><p><span style=\"font-weight: 400;\">Ofrecemos <strong>un entorno seguro y atento<\/strong> donde los jugadores pueden crecer como personas a la vez que desarrollan sus habilidades futbol\u00edsticas y ling\u00fc\u00edsticas.<\/span><\/p>\t\t\t\t\t\t\t\t<\/div>\n\t\t\t\t<\/div>\n\t\t\t\t\t<\/div>\n\t\t<\/div>\n\t\t\t\t\t<\/div>\n\t\t<\/section>\n\t\t\t\t<section class=\"elementor-section elementor-top-section elementor-element elementor-element-4a37265a elementor-section-height-min-height elementor-section-boxed elementor-section-height-default elementor-section-items-middle\" data-id=\"4a37265a\" data-element_type=\"section\" data-e-type=\"section\" data-settings=\"{&quot;background_background&quot;:&quot;classic&quot;}\">\n\t\t\t\t\t\t<div class=\"elementor-container elementor-column-gap-default\">\n\t\t\t\t\t<div class=\"elementor-column elementor-col-100 elementor-top-column elementor-element elementor-element-fda9efd\" data-id=\"fda9efd\" data-element_type=\"column\" data-e-type=\"column\">\n\t\t\t<div class=\"elementor-widget-wrap elementor-element-populated\">\n\t\t\t\t\t\t<div class=\"elementor-element elementor-element-1c98d4b0 elementor-widget elementor-widget-text-editor\" data-id=\"1c98d4b0\" data-element_type=\"widget\" data-e-type=\"widget\" data-widget_type=\"text-editor.default\">\n\t\t\t\t<div class=\"elementor-widget-container\">\n\t\t\t\t\t\t\t\t\t<p>\u00a1pruebas de captaci\u00f3n abiertas!<\/p>\t\t\t\t\t\t\t\t<\/div>\n\t\t\t\t<\/div>\n\t\t\t\t<section class=\"elementor-section elementor-inner-section elementor-element elementor-element-227bd635 elementor-section-boxed elementor-section-height-default elementor-section-height-default\" data-id=\"227bd635\" data-element_type=\"section\" data-e-type=\"section\">\n\t\t\t\t\t\t<div class=\"elementor-container elementor-column-gap-default\">\n\t\t\t\t\t<div class=\"elementor-column elementor-col-50 elementor-inner-column elementor-element elementor-element-7bfbc6d5\" data-id=\"7bfbc6d5\" data-element_type=\"column\" data-e-type=\"column\">\n\t\t\t<div class=\"elementor-widget-wrap elementor-element-populated\">\n\t\t\t\t\t\t<div class=\"elementor-element elementor-element-6d8f2e10 elementor-widget elementor-widget-text-editor\" data-id=\"6d8f2e10\" data-element_type=\"widget\" data-e-type=\"widget\" data-widget_type=\"text-editor.default\">\n\t\t\t\t<div class=\"elementor-widget-container\">\n\t\t\t\t\t\t\t\t\t<p>Inscr\u00edbete y participa en nuestras selecciones.<\/p>\t\t\t\t\t\t\t\t<\/div>\n\t\t\t\t<\/div>\n\t\t\t\t<div class=\"elementor-element elementor-element-c85e9c4 elementor-widget elementor-widget-text-editor\" data-id=\"c85e9c4\" data-element_type=\"widget\" data-e-type=\"widget\" data-widget_type=\"text-editor.default\">\n\t\t\t\t<div class=\"elementor-widget-container\">\n\t\t\t\t\t\t\t\t\t<p class=\"translation-block\"><strong>T\u00fa tambi\u00e9n intenta tu oportunidad para unirte a nuestro centro de formaci\u00f3n de f\u00fatbol para los ingresos de <u>JULIO, AGOSTO y SEPTIEMBRE 2026<\/u>.<\/strong><\/p>\t\t\t\t\t\t\t\t<\/div>\n\t\t\t\t<\/div>\n\t\t\t\t\t<\/div>\n\t\t<\/div>\n\t\t\t\t<div class=\"elementor-column elementor-col-50 elementor-inner-column elementor-element elementor-element-1fd4f26\" data-id=\"1fd4f26\" data-element_type=\"column\" data-e-type=\"column\">\n\t\t\t<div class=\"elementor-widget-wrap elementor-element-populated\">\n\t\t\t\t\t\t<div class=\"elementor-element elementor-element-7333f868 elementor-align-center elementor-widget elementor-widget-button\" data-id=\"7333f868\" data-element_type=\"widget\" data-e-type=\"widget\" data-widget_type=\"button.default\">\n\t\t\t\t<div class=\"elementor-widget-container\">\n\t\t\t\t\t\t\t\t\t<div class=\"elementor-button-wrapper\">\n\t\t\t\t\t<a class=\"elementor-button elementor-button-link elementor-size-sm elementor-animation-grow\" href=\"https:\/\/proevolutionacademy.com\/es\/registro-para-pruebas-de-captacion\/?utm_source=website&#038;utm_medium=banner_concept\">\n\t\t\t\t\t\t<span class=\"elementor-button-content-wrapper\">\n\t\t\t\t\t\t<span class=\"elementor-button-icon\">\n\t\t\t\t<svg aria-hidden=\"true\" class=\"e-font-icon-svg e-far-edit\" viewbox=\"0 0 576 512\" xmlns=\"http:\/\/www.w3.org\/2000\/svg\"><path d=\"M402.3 344.9l32-32c5-5 13.7-1.5 13.7 5.7V464c0 26.5-21.5 48-48 48H48c-26.5 0-48-21.5-48-48V112c0-26.5 21.5-48 48-48h273.5c7.1 0 10.7 8.6 5.7 13.7l-32 32c-1.5 1.5-3.5 2.3-5.7 2.3H48v352h352V350.5c0-2.1.8-4.1 2.3-5.6zm156.6-201.8L296.3 405.7l-90.4 10c-26.2 2.9-48.5-19.2-45.6-45.6l10-90.4L432.9 17.1c22.9-22.9 59.9-22.9 82.7 0l43.2 43.2c22.9 22.9 22.9 60 .1 82.8zM460.1 174L402 115.9 216.2 301.8l-7.3 65.3 65.3-7.3L460.1 174zm64.8-79.7l-43.2-43.2c-4.1-4.1-10.8-4.1-14.8 0L436 82l58.1 58.1 30.9-30.9c4-4.2 4-10.8-.1-14.9z\"><\/path><\/svg>\t\t\t<\/span>\n\t\t\t\t\t\t\t\t\t<span class=\"elementor-button-text\">Haz clic aqu\u00ed para inscribirte en nuestras pruebas de captaci\u00f3n.<\/span>\n\t\t\t\t\t<\/span>\n\t\t\t\t\t<\/a>\n\t\t\t\t<\/div>\n\t\t\t\t\t\t\t\t<\/div>\n\t\t\t\t<\/div>\n\t\t\t\t\t<\/div>\n\t\t<\/div>\n\t\t\t\t\t<\/div>\n\t\t<\/section>\n\t\t\t\t\t<\/div>\n\t\t<\/div>\n\t\t\t\t\t<\/div>\n\t\t<\/section>\n\t\t\t\t<\/div>","protected":false},"excerpt":{"rendered":"<p>ProEvolution Academy, Un Centre de Formation de Football Au Concept Unique Pour offrir une exp\u00e9rience innovante aux jeunes joueurs de football francophones, deux anciens joueurs ont cr\u00e9\u00e9 ce centre de formation de football \u00e0 Malte en 2021. Les deux fondateurs de ce centre de formation de football \u00e0 Malte ont acquis une exp\u00e9rience internationale qui [&hellip;]<\/p>\n","protected":false},"author":8965,"featured_media":177,"parent":0,"menu_order":0,"comment_status":"closed","ping_status":"closed","template":"","meta":{"_monsterinsights_skip_tracking":false,"_monsterinsights_sitenote_active":false,"_monsterinsights_sitenote_note":"","_monsterinsights_sitenote_category":0,"footnotes":""},"class_list":["post-159","page","type-page","status-publish","has-post-thumbnail","hentry"],"_links":{"self":[{"href":"https:\/\/proevolutionacademy.com\/es\/wp-json\/wp\/v2\/pages\/159","targetHints":{"allow":["GET"]}}],"collection":[{"href":"https:\/\/proevolutionacademy.com\/es\/wp-json\/wp\/v2\/pages"}],"about":[{"href":"https:\/\/proevolutionacademy.com\/es\/wp-json\/wp\/v2\/types\/page"}],"author":[{"embeddable":true,"href":"https:\/\/proevolutionacademy.com\/es\/wp-json\/wp\/v2\/users\/8965"}],"replies":[{"embeddable":true,"href":"https:\/\/proevolutionacademy.com\/es\/wp-json\/wp\/v2\/comments?post=159"}],"version-history":[{"count":25,"href":"https:\/\/proevolutionacademy.com\/es\/wp-json\/wp\/v2\/pages\/159\/revisions"}],"predecessor-version":[{"id":102660,"href":"https:\/\/proevolutionacademy.com\/es\/wp-json\/wp\/v2\/pages\/159\/revisions\/102660"}],"wp:featuredmedia":[{"embeddable":true,"href":"https:\/\/proevolutionacademy.com\/es\/wp-json\/wp\/v2\/media\/177"}],"wp:attachment":[{"href":"https:\/\/proevolutionacademy.com\/es\/wp-json\/wp\/v2\/media?parent=159"}],"curies":[{"name":"wp","href":"https:\/\/api.w.org\/{rel}","templated":true}]}}