{"id":2147,"date":"2023-02-07T10:23:27","date_gmt":"2023-02-07T10:23:27","guid":{"rendered":"https:\/\/proevolutionacademy.com\/?page_id=2147"},"modified":"2026-03-27T10:49:52","modified_gmt":"2026-03-27T09:49:52","slug":"politica-de-privacidad-y-cookies","status":"publish","type":"page","link":"https:\/\/proevolutionacademy.com\/es\/politique-de-confidentialite-cookies\/","title":{"rendered":"Pol\u00edtica de privacidad y cookies"},"content":{"rendered":"<div data-elementor-type=\"wp-page\" data-elementor-id=\"2147\" class=\"elementor elementor-2147\" data-elementor-post-type=\"page\">\n\t\t\t\t\t\t<section class=\"elementor-section elementor-top-section elementor-element elementor-element-9783f04 elementor-section-boxed elementor-section-height-default elementor-section-height-default\" data-id=\"9783f04\" data-element_type=\"section\" data-e-type=\"section\">\n\t\t\t\t\t\t<div class=\"elementor-container elementor-column-gap-default\">\n\t\t\t\t\t<div class=\"elementor-column elementor-col-100 elementor-top-column elementor-element elementor-element-92dfbc3\" data-id=\"92dfbc3\" data-element_type=\"column\" data-e-type=\"column\">\n\t\t\t<div class=\"elementor-widget-wrap elementor-element-populated\">\n\t\t\t\t\t\t<div class=\"elementor-element elementor-element-139474a elementor-widget elementor-widget-text-editor\" data-id=\"139474a\" data-element_type=\"widget\" data-e-type=\"widget\" data-widget_type=\"text-editor.default\">\n\t\t\t\t<div class=\"elementor-widget-container\">\n\t\t\t\t\t\t\t\t\t<section id=\"comp-l8vh8vx7\" class=\"Oqnisf comp-l8vh8vx7\" tabindex=\"-1\"><div class=\"\" data-mesh-id=\"comp-l8vh8vx7inlineContent\" data-testid=\"inline-content\"><div data-mesh-id=\"comp-l8vh8vx7inlineContent-gridContainer\" data-testid=\"mesh-container-content\"><div id=\"comp-kkfltsuf\" class=\"BaOVQ8 tz5f0K comp-kkfltsuf wixui-text\" data-testid=\"richTextElement\"><h5 class=\"font_5\">POL\u00cdTICA DE PRIVACIDAD Y COOKIES<span class=\"wixGuard\">\u200b<\/span><\/h5><p class=\"font_5\">En ProEvolution Academy sabemos que su privacidad es importante y nos comprometemos a mantener la confianza de nuestros visitantes. Esta pol\u00edtica de privacidad y cookies est\u00e1 dise\u00f1ada para ayudarle a entender c\u00f3mo manejamos los datos que recopilamos de los visitantes de nuestro sitio web o cuando alguien se registra y env\u00eda un formulario.<\/p><h5 class=\"font_5\"><span class=\"wixGuard\">\u200b<\/span><\/h5><h5 class=\"font_5\">VISITANTES DE NUESTRO SITIO WEB<\/h5><p class=\"font_8\">Cuando alguien visita este sitio web, utilizamos un servicio de terceros llamado Google Analytics para recopilar informaci\u00f3n de registro est\u00e1ndar de Internet y detalles sobre los patrones de comportamiento de los visitantes. Lo hacemos para saber cu\u00e1ntos visitantes visitan el sitio y qu\u00e9 p\u00e1ginas visitan. Esta informaci\u00f3n s\u00f3lo se procesa de forma que no identifique a ninguna persona. No intentamos descubrir la identidad de las personas que visitan nuestro sitio web, ni permitimos que Google lo haga.<\/p><p class=\"font_8\">Si queremos recopilar informaci\u00f3n personal identificable a trav\u00e9s de nuestro sitio web, lo especificaremos cuando recopilemos la informaci\u00f3n personal y explicaremos qu\u00e9 pretendemos hacer con ella.<\/p><\/div><div id=\"comp-kkflv860\" class=\"BaOVQ8 tz5f0K comp-kkflv860 wixui-text\" data-testid=\"richTextElement\"><h5>\u00a0<\/h5><h5 class=\"font_2\">USO DE LOS DATOS PERSONALES RECOGIDOS COMENTARIOS<\/h5><p class=\"font_8\">Cuando deja un comentario en nuestro sitio web, se recogen los datos introducidos en el formulario de comentarios, su direcci\u00f3n IP y el agente de usuario de su navegador para ayudarnos a detectar comentarios no deseados.<\/p><p class=\"font_8\"><span class=\"wixGuard\">\u200b<\/span><\/p><\/div><\/div><\/div><\/section><section id=\"comp-l8vh8vx71\" class=\"Oqnisf comp-l8vh8vx71\" tabindex=\"-1\"><div class=\"\" data-mesh-id=\"comp-l8vh8vx71inlineContent\" data-testid=\"inline-content\"><div data-mesh-id=\"comp-l8vh8vx71inlineContent-gridContainer\" data-testid=\"mesh-container-content\"><div id=\"comp-kkflxe7b\" class=\"BaOVQ8 tz5f0K comp-kkflxe7b wixui-text\" data-testid=\"richTextElement\"><h5 class=\"font_5\">ENLACES A OTROS SITIOS WEB<\/h5><p class=\"font_8\">Este aviso de privacidad no cubre los enlaces de este sitio a otros sitios web. Esos sitios no se rigen por la presente pol\u00edtica de privacidad y, si tiene alguna duda sobre c\u00f3mo utiliza un sitio su informaci\u00f3n, debe consultar la declaraci\u00f3n de privacidad de ese sitio.<\/p><p class=\"font_8\"><span class=\"wixGuard\">\u200b<\/span><\/p><h5 class=\"font_5\">ACCESO A SU INFORMACI\u00d3N PERSONAL<\/h5><p class=\"font_8\">Vous avez le droit d&rsquo;acc\u00e9der aux informations personnelles que nous d\u00e9tenons. Envoyez votre demande par courriel \u00e0\u00a0info@proevolutionacademy.com<\/p><\/div><\/div><\/div><\/section>\t\t\t\t\t\t\t\t<\/div>\n\t\t\t\t<\/div>\n\t\t\t\t\t<\/div>\n\t\t<\/div>\n\t\t\t\t\t<\/div>\n\t\t<\/section>\n\t\t\t\t<\/div>","protected":false},"excerpt":{"rendered":"<p>POLITIQUE DE CONFIDENTIALIT\u00c9 ET COOKIES\u200b Chez ProEvolution Academy nous savons que votre vie priv\u00e9e est importante et nous nous engageons \u00e0 maintenir la confiance de nos visiteurs. Cette politique de confidentialit\u00e9 et de cookies est con\u00e7ue pour vous aider \u00e0 comprendre comment nous traitons les donn\u00e9es que nous collectons aupr\u00e8s des visiteurs de notre site [&hellip;]<\/p>\n","protected":false},"author":8965,"featured_media":0,"parent":0,"menu_order":0,"comment_status":"closed","ping_status":"closed","template":"","meta":{"_monsterinsights_skip_tracking":false,"_monsterinsights_sitenote_active":false,"_monsterinsights_sitenote_note":"","_monsterinsights_sitenote_category":0,"footnotes":""},"class_list":["post-2147","page","type-page","status-publish","hentry"],"_links":{"self":[{"href":"https:\/\/proevolutionacademy.com\/es\/wp-json\/wp\/v2\/pages\/2147","targetHints":{"allow":["GET"]}}],"collection":[{"href":"https:\/\/proevolutionacademy.com\/es\/wp-json\/wp\/v2\/pages"}],"about":[{"href":"https:\/\/proevolutionacademy.com\/es\/wp-json\/wp\/v2\/types\/page"}],"author":[{"embeddable":true,"href":"https:\/\/proevolutionacademy.com\/es\/wp-json\/wp\/v2\/users\/8965"}],"replies":[{"embeddable":true,"href":"https:\/\/proevolutionacademy.com\/es\/wp-json\/wp\/v2\/comments?post=2147"}],"version-history":[{"count":7,"href":"https:\/\/proevolutionacademy.com\/es\/wp-json\/wp\/v2\/pages\/2147\/revisions"}],"predecessor-version":[{"id":115027,"href":"https:\/\/proevolutionacademy.com\/es\/wp-json\/wp\/v2\/pages\/2147\/revisions\/115027"}],"wp:attachment":[{"href":"https:\/\/proevolutionacademy.com\/es\/wp-json\/wp\/v2\/media?parent=2147"}],"curies":[{"name":"wp","href":"https:\/\/api.w.org\/{rel}","templated":true}]}}