{"id":5653,"date":"2024-02-16T12:39:05","date_gmt":"2024-02-16T11:39:05","guid":{"rendered":"https:\/\/proevolutionacademy.com\/?page_id=5653"},"modified":"2025-10-09T11:05:43","modified_gmt":"2025-10-09T10:05:43","slug":"el-blog","status":"publish","type":"page","link":"https:\/\/proevolutionacademy.com\/es\/le-blog\/","title":{"rendered":"Blog"},"content":{"rendered":"<div data-elementor-type=\"wp-page\" data-elementor-id=\"5653\" class=\"elementor elementor-5653\" data-elementor-post-type=\"page\">\n\t\t\t\t\t\t<section class=\"elementor-section elementor-top-section elementor-element elementor-element-ae2a187 elementor-section-boxed elementor-section-height-default elementor-section-height-default\" data-id=\"ae2a187\" data-element_type=\"section\" data-e-type=\"section\">\n\t\t\t\t\t\t<div class=\"elementor-container elementor-column-gap-default\">\n\t\t\t\t\t<div class=\"elementor-column elementor-col-100 elementor-top-column elementor-element elementor-element-5a46d5e\" data-id=\"5a46d5e\" data-element_type=\"column\" data-e-type=\"column\">\n\t\t\t<div class=\"elementor-widget-wrap elementor-element-populated\">\n\t\t\t\t\t\t<div class=\"elementor-element elementor-element-fc86383 elementor-widget elementor-widget-heading\" data-id=\"fc86383\" data-element_type=\"widget\" data-e-type=\"widget\" data-widget_type=\"heading.default\">\n\t\t\t\t<div class=\"elementor-widget-container\">\n\t\t\t\t\t<h1 class=\"elementor-heading-title elementor-size-default\">Blog de la Academia ProEvolution<\/h1>\t\t\t\t<\/div>\n\t\t\t\t<\/div>\n\t\t\t\t\t<\/div>\n\t\t<\/div>\n\t\t\t\t\t<\/div>\n\t\t<\/section>\n\t\t\t\t<section class=\"elementor-section elementor-top-section elementor-element elementor-element-ced39db elementor-section-boxed elementor-section-height-default elementor-section-height-default\" data-id=\"ced39db\" data-element_type=\"section\" data-e-type=\"section\">\n\t\t\t\t\t\t<div class=\"elementor-container elementor-column-gap-default\">\n\t\t\t\t\t<div class=\"elementor-column elementor-col-100 elementor-top-column elementor-element elementor-element-7996fdb\" data-id=\"7996fdb\" data-element_type=\"column\" data-e-type=\"column\">\n\t\t\t<div class=\"elementor-widget-wrap elementor-element-populated\">\n\t\t\t\t\t\t<div class=\"elementor-element elementor-element-30d69e2 elementor-grid-3 elementor-grid-tablet-2 elementor-grid-mobile-1 elementor-posts--thumbnail-top elementor-card-shadow-yes elementor-posts__hover-gradient elementor-widget elementor-widget-posts\" data-id=\"30d69e2\" data-element_type=\"widget\" data-e-type=\"widget\" data-settings=\"{&quot;pagination_type&quot;:&quot;prev_next&quot;,&quot;cards_columns&quot;:&quot;3&quot;,&quot;cards_columns_tablet&quot;:&quot;2&quot;,&quot;cards_columns_mobile&quot;:&quot;1&quot;,&quot;cards_row_gap&quot;:{&quot;unit&quot;:&quot;px&quot;,&quot;size&quot;:35,&quot;sizes&quot;:[]},&quot;cards_row_gap_tablet&quot;:{&quot;unit&quot;:&quot;px&quot;,&quot;size&quot;:&quot;&quot;,&quot;sizes&quot;:[]},&quot;cards_row_gap_mobile&quot;:{&quot;unit&quot;:&quot;px&quot;,&quot;size&quot;:&quot;&quot;,&quot;sizes&quot;:[]}}\" data-widget_type=\"posts.cards\">\n\t\t\t\t<div class=\"elementor-widget-container\">\n\t\t\t\t\t\t\t<div class=\"elementor-posts-container elementor-posts elementor-posts--skin-cards elementor-grid\" role=\"list\">\n\t\t\t\t<article class=\"elementor-post elementor-grid-item post-83605 post type-post status-publish format-standard has-post-thumbnail hentry category-blog tag-reseau tag-reseau-dans-le-football\" role=\"listitem\">\n\t\t\t<div class=\"elementor-post__card\">\n\t\t\t\t<a class=\"elementor-post__thumbnail__link\" href=\"https:\/\/proevolutionacademy.com\/es\/comment-construire-reseau-dans-le-football\/\" tabindex=\"-1\" ><div class=\"elementor-post__thumbnail\"><img fetchpriority=\"high\" decoding=\"async\" width=\"1024\" height=\"1024\" src=\"https:\/\/proevolutionacademy.com\/wp-content\/uploads\/2025\/11\/image-couverture-reseau-football.png\" class=\"attachment-full size-full wp-image-83611\" alt=\"Joven futbolista estrechando la mano de un agente deportivo en el campo, s\u00edmbolo de la creaci\u00f3n de relaciones y oportunidades en el f\u00fatbol profesional.\" srcset=\"https:\/\/proevolutionacademy.com\/wp-content\/uploads\/2025\/11\/image-couverture-reseau-football.png 1024w, https:\/\/proevolutionacademy.com\/wp-content\/uploads\/2025\/11\/image-couverture-reseau-football-300x300.png 300w, https:\/\/proevolutionacademy.com\/wp-content\/uploads\/2025\/11\/image-couverture-reseau-football-150x150.png 150w, https:\/\/proevolutionacademy.com\/wp-content\/uploads\/2025\/11\/image-couverture-reseau-football-768x768.png 768w, https:\/\/proevolutionacademy.com\/wp-content\/uploads\/2025\/11\/image-couverture-reseau-football-12x12.png 12w\" sizes=\"(max-width: 1024px) 100vw, 1024px\" \/><\/div><\/a>\n\t\t\t\t<div class=\"elementor-post__text\">\n\t\t\t\t<h2 class=\"elementor-post__title\">\n\t\t\t<a href=\"https:\/\/proevolutionacademy.com\/es\/comment-construire-reseau-dans-le-football\/\" >\n\t\t\t\tC\u00f3mo crear una potente red de f\u00fatbol desde cero\t\t\t<\/a>\n\t\t<\/h2>\n\t\t\t\t<div class=\"elementor-post__excerpt\">\n\t\t\t<p>En el f\u00fatbol, el talento no siempre es suficiente. Puedes ser un jugador prometedor, un entrenador ambicioso o un aficionado muy motivado... pero sin una red s\u00f3lida, no se puede encontrar a los verdaderos jugadores.<\/p>\n\t\t<\/div>\n\t\t\n\t\t<a class=\"elementor-post__read-more\" href=\"https:\/\/proevolutionacademy.com\/es\/comment-construire-reseau-dans-le-football\/\" aria-label=\"M\u00e1s informaci\u00f3n sobre Comment construire un r\u00e9seau puissant dans le football en partant de z\u00e9ro\" tabindex=\"-1\" >\n\t\t\tLeer m\u00e1s \u00bb\t\t<\/a>\n\n\t\t\t\t<\/div>\n\t\t\t\t<div class=\"elementor-post__meta-data\">\n\t\t\t\t\t<span class=\"elementor-post-date\">\n\t\t\t7 noviembre 2025\t\t<\/span>\n\t\t\t\t<\/div>\n\t\t\t\t\t<\/div>\n\t\t<\/article>\n\t\t\t\t<article class=\"elementor-post elementor-grid-item post-82097 post type-post status-publish format-standard has-post-thumbnail hentry category-blog tag-academie-de-football tag-alimentation tag-centre-de-formation-de-football tag-espagne tag-espagnols tag-malte\" role=\"listitem\">\n\t\t\t<div class=\"elementor-post__card\">\n\t\t\t\t<a class=\"elementor-post__thumbnail__link\" href=\"https:\/\/proevolutionacademy.com\/es\/alimentation-a-malte-pour-footballeurs-espagnols\/\" tabindex=\"-1\" ><div class=\"elementor-post__thumbnail\"><img decoding=\"async\" width=\"1344\" height=\"896\" src=\"https:\/\/proevolutionacademy.com\/wp-content\/uploads\/2025\/10\/Lalimentation-a-Malte-pour-footballeurs-espagnols.png\" class=\"attachment-full size-full wp-image-82266\" alt=\"Comida en Malta para los futbolistas espa\u00f1oles\" srcset=\"https:\/\/proevolutionacademy.com\/wp-content\/uploads\/2025\/10\/Lalimentation-a-Malte-pour-footballeurs-espagnols.png 1344w, https:\/\/proevolutionacademy.com\/wp-content\/uploads\/2025\/10\/Lalimentation-a-Malte-pour-footballeurs-espagnols-300x200.png 300w, https:\/\/proevolutionacademy.com\/wp-content\/uploads\/2025\/10\/Lalimentation-a-Malte-pour-footballeurs-espagnols-1024x683.png 1024w, https:\/\/proevolutionacademy.com\/wp-content\/uploads\/2025\/10\/Lalimentation-a-Malte-pour-footballeurs-espagnols-768x512.png 768w, https:\/\/proevolutionacademy.com\/wp-content\/uploads\/2025\/10\/Lalimentation-a-Malte-pour-footballeurs-espagnols-18x12.png 18w\" sizes=\"(max-width: 1344px) 100vw, 1344px\" \/><\/div><\/a>\n\t\t\t\t<div class=\"elementor-post__text\">\n\t\t\t\t<h2 class=\"elementor-post__title\">\n\t\t\t<a href=\"https:\/\/proevolutionacademy.com\/es\/alimentation-a-malte-pour-footballeurs-espagnols\/\" >\n\t\t\t\tComida en Malta para los futbolistas espa\u00f1oles\t\t\t<\/a>\n\t\t<\/h2>\n\t\t\t\t<div class=\"elementor-post__excerpt\">\n\t\t\t<p>\u00bfEs usted un futbolista espa\u00f1ol a punto de trasladarse a Malta? Prep\u00e1rate para descubrir la sabrosa cocina mediterr\u00e1nea, cumpliendo al mismo tiempo los requisitos nutricionales propios de tu deporte. La comida<\/p>\n\t\t<\/div>\n\t\t\n\t\t<a class=\"elementor-post__read-more\" href=\"https:\/\/proevolutionacademy.com\/es\/alimentation-a-malte-pour-footballeurs-espagnols\/\" aria-label=\"M\u00e1s informaci\u00f3n sobre L&rsquo;alimentation \u00e0 Malte pour footballeurs espagnols\" tabindex=\"-1\" >\n\t\t\tLeer m\u00e1s \u00bb\t\t<\/a>\n\n\t\t\t\t<\/div>\n\t\t\t\t<div class=\"elementor-post__meta-data\">\n\t\t\t\t\t<span class=\"elementor-post-date\">\n\t\t\t29 de octubre de 2025\t\t<\/span>\n\t\t\t\t<\/div>\n\t\t\t\t\t<\/div>\n\t\t<\/article>\n\t\t\t\t<article class=\"elementor-post elementor-grid-item post-81690 post type-post status-publish format-standard has-post-thumbnail hentry category-blog tag-apprendre-langlais tag-centre-de-formation-de-football tag-malte tag-pourquoi-choisir-une-academie-de-football tag-voyage-linguistique\" role=\"listitem\">\n\t\t\t<div class=\"elementor-post__card\">\n\t\t\t\t<a class=\"elementor-post__thumbnail__link\" href=\"https:\/\/proevolutionacademy.com\/es\/pourquoi-sentrainer-a-letranger-quand-on-est-espagnol\/\" tabindex=\"-1\" ><div class=\"elementor-post__thumbnail\"><img decoding=\"async\" width=\"1344\" height=\"896\" src=\"https:\/\/proevolutionacademy.com\/wp-content\/uploads\/2025\/10\/Pourquoi-sentrainer-a-letranger-quand-on-est-espagnol.png\" class=\"attachment-full size-full wp-image-82261\" alt=\"\u00bfPor qu\u00e9 formarse en el extranjero si eres espa\u00f1ol?\" srcset=\"https:\/\/proevolutionacademy.com\/wp-content\/uploads\/2025\/10\/Pourquoi-sentrainer-a-letranger-quand-on-est-espagnol.png 1344w, https:\/\/proevolutionacademy.com\/wp-content\/uploads\/2025\/10\/Pourquoi-sentrainer-a-letranger-quand-on-est-espagnol-300x200.png 300w, https:\/\/proevolutionacademy.com\/wp-content\/uploads\/2025\/10\/Pourquoi-sentrainer-a-letranger-quand-on-est-espagnol-1024x683.png 1024w, https:\/\/proevolutionacademy.com\/wp-content\/uploads\/2025\/10\/Pourquoi-sentrainer-a-letranger-quand-on-est-espagnol-768x512.png 768w, https:\/\/proevolutionacademy.com\/wp-content\/uploads\/2025\/10\/Pourquoi-sentrainer-a-letranger-quand-on-est-espagnol-18x12.png 18w\" sizes=\"(max-width: 1344px) 100vw, 1344px\" \/><\/div><\/a>\n\t\t\t\t<div class=\"elementor-post__text\">\n\t\t\t\t<h2 class=\"elementor-post__title\">\n\t\t\t<a href=\"https:\/\/proevolutionacademy.com\/es\/pourquoi-sentrainer-a-letranger-quand-on-est-espagnol\/\" >\n\t\t\t\t\u00bfPor qu\u00e9 entrenar en el extranjero si eres espa\u00f1ol?\t\t\t<\/a>\n\t\t<\/h2>\n\t\t\t\t<div class=\"elementor-post__excerpt\">\n\t\t\t<p>Formarse en el extranjero suele ser la clave del \u00e9xito para los j\u00f3venes futbolistas espa\u00f1oles que buscan romper barreras y avanzar en sus carreras. Por qu\u00e9 quedarse en un entorno familiar<\/p>\n\t\t<\/div>\n\t\t\n\t\t<a class=\"elementor-post__read-more\" href=\"https:\/\/proevolutionacademy.com\/es\/pourquoi-sentrainer-a-letranger-quand-on-est-espagnol\/\" aria-label=\"M\u00e1s informaci\u00f3n sobre Pourquoi s&rsquo;entra\u00eener \u00e0 l&rsquo;\u00e9tranger quand on est espagnol ?\" tabindex=\"-1\" >\n\t\t\tLeer m\u00e1s \u00bb\t\t<\/a>\n\n\t\t\t\t<\/div>\n\t\t\t\t<div class=\"elementor-post__meta-data\">\n\t\t\t\t\t<span class=\"elementor-post-date\">\n\t\t\t27 de octubre de 2025\t\t<\/span>\n\t\t\t\t<\/div>\n\t\t\t\t\t<\/div>\n\t\t<\/article>\n\t\t\t\t<article class=\"elementor-post elementor-grid-item post-81305 post type-post status-publish format-standard has-post-thumbnail hentry category-blog tag-gerer-les-refus\" role=\"listitem\">\n\t\t\t<div class=\"elementor-post__card\">\n\t\t\t\t<a class=\"elementor-post__thumbnail__link\" href=\"https:\/\/proevolutionacademy.com\/es\/comment-rester-motive-apres-un-refus\/\" tabindex=\"-1\" ><div class=\"elementor-post__thumbnail\"><img loading=\"lazy\" decoding=\"async\" width=\"1024\" height=\"1024\" src=\"https:\/\/proevolutionacademy.com\/wp-content\/uploads\/2025\/10\/Comment-Rester-Motive-Apres-un-Refus-ou-une-Non-Selection-dans-le-football-1.png\" class=\"attachment-full size-full wp-image-81319\" alt=\"C\u00f3mo seguir motivado tras un rechazo o una no selecci\u00f3n en el f\u00fatbol\" srcset=\"https:\/\/proevolutionacademy.com\/wp-content\/uploads\/2025\/10\/Comment-Rester-Motive-Apres-un-Refus-ou-une-Non-Selection-dans-le-football-1.png 1024w, https:\/\/proevolutionacademy.com\/wp-content\/uploads\/2025\/10\/Comment-Rester-Motive-Apres-un-Refus-ou-une-Non-Selection-dans-le-football-1-300x300.png 300w, https:\/\/proevolutionacademy.com\/wp-content\/uploads\/2025\/10\/Comment-Rester-Motive-Apres-un-Refus-ou-une-Non-Selection-dans-le-football-1-150x150.png 150w, https:\/\/proevolutionacademy.com\/wp-content\/uploads\/2025\/10\/Comment-Rester-Motive-Apres-un-Refus-ou-une-Non-Selection-dans-le-football-1-768x768.png 768w, https:\/\/proevolutionacademy.com\/wp-content\/uploads\/2025\/10\/Comment-Rester-Motive-Apres-un-Refus-ou-une-Non-Selection-dans-le-football-1-12x12.png 12w\" sizes=\"(max-width: 1024px) 100vw, 1024px\" \/><\/div><\/a>\n\t\t\t\t<div class=\"elementor-post__text\">\n\t\t\t\t<h2 class=\"elementor-post__title\">\n\t\t\t<a href=\"https:\/\/proevolutionacademy.com\/es\/comment-rester-motive-apres-un-refus\/\" >\n\t\t\t\t\u00bfC\u00f3mo se mantiene motivado despu\u00e9s de haber sido rechazado o no seleccionado?\t\t\t<\/a>\n\t\t<\/h2>\n\t\t\t\t<div class=\"elementor-post__excerpt\">\n\t\t\t<p>Ya hay veredicto. Tu nombre no est\u00e1 en la lista. Ya sea tras una prueba, una detecci\u00f3n o la composici\u00f3n final del equipo, la decepci\u00f3n es inmensa.  Este<\/p>\n\t\t<\/div>\n\t\t\n\t\t<a class=\"elementor-post__read-more\" href=\"https:\/\/proevolutionacademy.com\/es\/comment-rester-motive-apres-un-refus\/\" aria-label=\"M\u00e1s informaci\u00f3n sobre Comment Rester Motiv\u00e9 Apr\u00e8s un Refus ou une Non-S\u00e9lection ?\" tabindex=\"-1\" >\n\t\t\tLeer m\u00e1s \u00bb\t\t<\/a>\n\n\t\t\t\t<\/div>\n\t\t\t\t<div class=\"elementor-post__meta-data\">\n\t\t\t\t\t<span class=\"elementor-post-date\">\n\t\t\t24 de octubre de 2025\t\t<\/span>\n\t\t\t\t<\/div>\n\t\t\t\t\t<\/div>\n\t\t<\/article>\n\t\t\t\t<article class=\"elementor-post elementor-grid-item post-79655 post type-post status-publish format-standard has-post-thumbnail hentry category-blog tag-detection tag-detection-football\" role=\"listitem\">\n\t\t\t<div class=\"elementor-post__card\">\n\t\t\t\t<a class=\"elementor-post__thumbnail__link\" href=\"https:\/\/proevolutionacademy.com\/es\/se-demarquer-pendant-une-detection-de-foot\/\" tabindex=\"-1\" ><div class=\"elementor-post__thumbnail\"><img loading=\"lazy\" decoding=\"async\" width=\"1024\" height=\"1024\" src=\"https:\/\/proevolutionacademy.com\/wp-content\/uploads\/2025\/10\/Comment-se-demarquer-lors-dune-detection-de-football.png\" class=\"attachment-full size-full wp-image-79666\" alt=\"C\u00f3mo destacar en un evento de scouting futbol\u00edstico\" srcset=\"https:\/\/proevolutionacademy.com\/wp-content\/uploads\/2025\/10\/Comment-se-demarquer-lors-dune-detection-de-football.png 1024w, https:\/\/proevolutionacademy.com\/wp-content\/uploads\/2025\/10\/Comment-se-demarquer-lors-dune-detection-de-football-300x300.png 300w, https:\/\/proevolutionacademy.com\/wp-content\/uploads\/2025\/10\/Comment-se-demarquer-lors-dune-detection-de-football-150x150.png 150w, https:\/\/proevolutionacademy.com\/wp-content\/uploads\/2025\/10\/Comment-se-demarquer-lors-dune-detection-de-football-768x768.png 768w, https:\/\/proevolutionacademy.com\/wp-content\/uploads\/2025\/10\/Comment-se-demarquer-lors-dune-detection-de-football-12x12.png 12w\" sizes=\"(max-width: 1024px) 100vw, 1024px\" \/><\/div><\/a>\n\t\t\t\t<div class=\"elementor-post__text\">\n\t\t\t\t<h2 class=\"elementor-post__title\">\n\t\t\t<a href=\"https:\/\/proevolutionacademy.com\/es\/se-demarquer-pendant-une-detection-de-foot\/\" >\n\t\t\t\t\u00bfC\u00f3mo destacarse en una prueba de captaci\u00f3n de f\u00fatbol?\t\t\t<\/a>\n\t\t<\/h2>\n\t\t\t\t<div class=\"elementor-post__excerpt\">\n\t\t\t<p>El scouting es una oportunidad para mostrar tu talento, demostrar tu val\u00eda y, tal vez, dar un paso decisivo en tu carrera.  Pero frente a docenas, incluso cientos<\/p>\n\t\t<\/div>\n\t\t\n\t\t<a class=\"elementor-post__read-more\" href=\"https:\/\/proevolutionacademy.com\/es\/se-demarquer-pendant-une-detection-de-foot\/\" aria-label=\"M\u00e1s informaci\u00f3n sobre Comment se d\u00e9marquer lors d\u2019une d\u00e9tection de football ?\" tabindex=\"-1\" >\n\t\t\tLeer m\u00e1s \u00bb\t\t<\/a>\n\n\t\t\t\t<\/div>\n\t\t\t\t<div class=\"elementor-post__meta-data\">\n\t\t\t\t\t<span class=\"elementor-post-date\">\n\t\t\t10 de octubre de 2025\t\t<\/span>\n\t\t\t\t<\/div>\n\t\t\t\t\t<\/div>\n\t\t<\/article>\n\t\t\t\t<article class=\"elementor-post elementor-grid-item post-78223 post type-post status-publish format-standard has-post-thumbnail hentry category-blog tag-le-sommeil-dans-le-football tag-sante-football\" role=\"listitem\">\n\t\t\t<div class=\"elementor-post__card\">\n\t\t\t\t<a class=\"elementor-post__thumbnail__link\" href=\"https:\/\/proevolutionacademy.com\/es\/sommeil-et-performance-des-footballeurs\/\" tabindex=\"-1\" ><div class=\"elementor-post__thumbnail\"><img loading=\"lazy\" decoding=\"async\" width=\"1024\" height=\"927\" src=\"https:\/\/proevolutionacademy.com\/wp-content\/uploads\/2025\/09\/Limportance-du-sommeil-dans-la-performance-et-la-recuperation-des-footballeurs-e1758882250368.png\" class=\"attachment-full size-full wp-image-78228\" alt=\"La importancia del sue\u00f1o en el rendimiento y la recuperaci\u00f3n de los futbolistas\" srcset=\"https:\/\/proevolutionacademy.com\/wp-content\/uploads\/2025\/09\/Limportance-du-sommeil-dans-la-performance-et-la-recuperation-des-footballeurs-e1758882250368.png 1024w, https:\/\/proevolutionacademy.com\/wp-content\/uploads\/2025\/09\/Limportance-du-sommeil-dans-la-performance-et-la-recuperation-des-footballeurs-e1758882250368-300x272.png 300w, https:\/\/proevolutionacademy.com\/wp-content\/uploads\/2025\/09\/Limportance-du-sommeil-dans-la-performance-et-la-recuperation-des-footballeurs-e1758882250368-768x695.png 768w\" sizes=\"(max-width: 1024px) 100vw, 1024px\" \/><\/div><\/a>\n\t\t\t\t<div class=\"elementor-post__text\">\n\t\t\t\t<h2 class=\"elementor-post__title\">\n\t\t\t<a href=\"https:\/\/proevolutionacademy.com\/es\/sommeil-et-performance-des-footballeurs\/\" >\n\t\t\t\tLa importancia del sue\u00f1o en el rendimiento y la recuperaci\u00f3n de los futbolistas\t\t\t<\/a>\n\t\t<\/h2>\n\t\t\t\t<div class=\"elementor-post__excerpt\">\n\t\t\t<p>En el campo, cada pase, cada sprint y cada decisi\u00f3n cuentan. Para destacar, los futbolistas siguen rigurosos reg\u00edmenes de entrenamiento, una nutrici\u00f3n planificada y complejas estrategias de juego.  Y sin embargo,<\/p>\n\t\t<\/div>\n\t\t\n\t\t<a class=\"elementor-post__read-more\" href=\"https:\/\/proevolutionacademy.com\/es\/sommeil-et-performance-des-footballeurs\/\" aria-label=\"M\u00e1s informaci\u00f3n sobre L\u2019importance du sommeil dans la performance et la r\u00e9cup\u00e9ration des footballeurs\" tabindex=\"-1\" >\n\t\t\tLeer m\u00e1s \u00bb\t\t<\/a>\n\n\t\t\t\t<\/div>\n\t\t\t\t<div class=\"elementor-post__meta-data\">\n\t\t\t\t\t<span class=\"elementor-post-date\">\n\t\t\t26 de septiembre de 2025\t\t<\/span>\n\t\t\t\t<\/div>\n\t\t\t\t\t<\/div>\n\t\t<\/article>\n\t\t\t\t<\/div>\n\t\t\n\t\t\t\t<div class=\"e-load-more-anchor\" data-page=\"1\" data-max-page=\"10\" data-next-page=\"https:\/\/proevolutionacademy.com\/es\/wp-json\/wp\/v2\/pages\/5653\/page\/2\/\"><\/div>\n\t\t\t\t<nav class=\"elementor-pagination\" aria-label=\"Paginaci\u00f3n\">\n\t\t\t<span class=\"page-numbers prev\">\u00ab Anterior<\/span>\n<a class=\"page-numbers next\" href=\"https:\/\/proevolutionacademy.com\/es\/wp-json\/wp\/v2\/pages\/5653\/page\/2\/\">P\u00e1gina siguiente \u00bb<\/a>\t\t<\/nav>\n\t\t\t\t\t\t<\/div>\n\t\t\t\t<\/div>\n\t\t\t\t\t<\/div>\n\t\t<\/div>\n\t\t\t\t\t<\/div>\n\t\t<\/section>\n\t\t\t\t<section class=\"elementor-section elementor-top-section elementor-element elementor-element-65c8a04c elementor-section-boxed elementor-section-height-default elementor-section-height-default\" data-id=\"65c8a04c\" data-element_type=\"section\" data-e-type=\"section\">\n\t\t\t\t\t\t<div class=\"elementor-container elementor-column-gap-default\">\n\t\t\t\t\t<div class=\"elementor-column elementor-col-100 elementor-top-column elementor-element elementor-element-4db84a64\" data-id=\"4db84a64\" data-element_type=\"column\" data-e-type=\"column\">\n\t\t\t<div class=\"elementor-widget-wrap elementor-element-populated\">\n\t\t\t\t\t\t<div class=\"elementor-element elementor-element-1e13aa3c elementor-widget-divider--view-line elementor-widget elementor-widget-divider\" data-id=\"1e13aa3c\" data-element_type=\"widget\" data-e-type=\"widget\" data-widget_type=\"divider.default\">\n\t\t\t\t<div class=\"elementor-widget-container\">\n\t\t\t\t\t\t\t<div class=\"elementor-divider\">\n\t\t\t<span class=\"elementor-divider-separator\">\n\t\t\t\t\t\t<\/span>\n\t\t<\/div>\n\t\t\t\t\t\t<\/div>\n\t\t\t\t<\/div>\n\t\t\t\t\t<\/div>\n\t\t<\/div>\n\t\t\t\t\t<\/div>\n\t\t<\/section>\n\t\t\t\t<\/div>","protected":false},"excerpt":{"rendered":"<p>Blog de la Academia ProEvolution<\/p>","protected":false},"author":8965,"featured_media":0,"parent":0,"menu_order":0,"comment_status":"closed","ping_status":"closed","template":"","meta":{"_monsterinsights_skip_tracking":false,"_monsterinsights_sitenote_active":false,"_monsterinsights_sitenote_note":"","_monsterinsights_sitenote_category":0,"footnotes":""},"class_list":["post-5653","page","type-page","status-publish","hentry"],"_links":{"self":[{"href":"https:\/\/proevolutionacademy.com\/es\/wp-json\/wp\/v2\/pages\/5653","targetHints":{"allow":["GET"]}}],"collection":[{"href":"https:\/\/proevolutionacademy.com\/es\/wp-json\/wp\/v2\/pages"}],"about":[{"href":"https:\/\/proevolutionacademy.com\/es\/wp-json\/wp\/v2\/types\/page"}],"author":[{"embeddable":true,"href":"https:\/\/proevolutionacademy.com\/es\/wp-json\/wp\/v2\/users\/8965"}],"replies":[{"embeddable":true,"href":"https:\/\/proevolutionacademy.com\/es\/wp-json\/wp\/v2\/comments?post=5653"}],"version-history":[{"count":26,"href":"https:\/\/proevolutionacademy.com\/es\/wp-json\/wp\/v2\/pages\/5653\/revisions"}],"predecessor-version":[{"id":79633,"href":"https:\/\/proevolutionacademy.com\/es\/wp-json\/wp\/v2\/pages\/5653\/revisions\/79633"}],"wp:attachment":[{"href":"https:\/\/proevolutionacademy.com\/es\/wp-json\/wp\/v2\/media?parent=5653"}],"curies":[{"name":"wp","href":"https:\/\/api.w.org\/{rel}","templated":true}]}}